{"id":145,"date":"2018-10-18T22:43:00","date_gmt":"2018-10-18T20:43:00","guid":{"rendered":"http:\/\/domainedesjosephins.com\/josephin\/?page_id=145"},"modified":"2020-07-06T22:10:47","modified_gmt":"2020-07-06T20:10:47","slug":"tete-noire","status":"publish","type":"page","link":"https:\/\/domainedesjosephins.com\/josephin\/index.php\/tete-noire\/","title":{"rendered":"T\u00eate Noire"},"content":{"rendered":"<p><img loading=\"lazy\" decoding=\"async\" class=\"size-medium wp-image-279 alignleft\" src=\"http:\/\/domainedesjosephins.com\/josephin\/wp-content\/uploads\/2018\/10\/T\u00eate-Noire-1400x3000-140x300.jpg\" alt=\"\" width=\"350\" height=\"750\" srcset=\"https:\/\/domainedesjosephins.com\/josephin\/wp-content\/uploads\/2018\/10\/T\u00eate-Noire-1400x3000-140x300.jpg 140w, https:\/\/domainedesjosephins.com\/josephin\/wp-content\/uploads\/2018\/10\/T\u00eate-Noire-1400x3000-300x643.jpg 300w, https:\/\/domainedesjosephins.com\/josephin\/wp-content\/uploads\/2018\/10\/T\u00eate-Noire-1400x3000-600x1286.jpg 600w, https:\/\/domainedesjosephins.com\/josephin\/wp-content\/uploads\/2018\/10\/T\u00eate-Noire-1400x3000-768x1646.jpg 768w, https:\/\/domainedesjosephins.com\/josephin\/wp-content\/uploads\/2018\/10\/T\u00eate-Noire-1400x3000-478x1024.jpg 478w, https:\/\/domainedesjosephins.com\/josephin\/wp-content\/uploads\/2018\/10\/T\u00eate-Noire-1400x3000.jpg 1400w\" sizes=\"(max-width: 350px) 100vw, 350px\" \/><\/p>\n<p>C\u00e9page connu en Suisse, le Gamaret produit un vin \u00e0 la robe sombre, aux ar\u00f4mes puissants avec une pointe d&rsquo;animalit\u00e9. Pour les amateurs de c\u00f4tes du Rh\u00f4ne, voici une cuv\u00e9e qui, tout en gardant la finesse des vins de notre r\u00e9gion, leur procurera la puissance et la force qu&rsquo;ils recherchent.<\/p>\n","protected":false},"excerpt":{"rendered":"<p>C\u00e9page connu en Suisse, le Gamaret produit un vin \u00e0 la robe sombre, aux ar\u00f4mes puissants avec une pointe d&rsquo;animalit\u00e9. Pour les amateurs de c\u00f4tes du Rh\u00f4ne, voici une cuv\u00e9e [&hellip;]<\/p>\n","protected":false},"author":1,"featured_media":0,"parent":0,"menu_order":0,"comment_status":"open","ping_status":"open","template":"","meta":{"_et_pb_use_builder":"","_et_pb_old_content":"","_et_gb_content_width":"","footnotes":""},"class_list":["post-145","page","type-page","status-publish","hentry"],"yoast_head":"<!-- This site is optimized with the Yoast SEO plugin v23.8 - https:\/\/yoast.com\/wordpress\/plugins\/seo\/ -->\n<title>T\u00eate Noire - Domaine des Jos\u00e9phins<\/title>\n<meta name=\"robots\" content=\"index, follow, max-snippet:-1, max-image-preview:large, max-video-preview:-1\" \/>\n<link rel=\"canonical\" href=\"https:\/\/domainedesjosephins.com\/josephin\/index.php\/tete-noire\/\" \/>\n<meta property=\"og:locale\" content=\"fr_FR\" \/>\n<meta property=\"og:type\" content=\"article\" \/>\n<meta property=\"og:title\" content=\"T\u00eate Noire - Domaine des Jos\u00e9phins\" \/>\n<meta property=\"og:description\" content=\"C\u00e9page connu en Suisse, le Gamaret produit un vin \u00e0 la robe sombre, aux ar\u00f4mes puissants avec une pointe d&rsquo;animalit\u00e9. Pour les amateurs de c\u00f4tes du Rh\u00f4ne, voici une cuv\u00e9e [&hellip;]\" \/>\n<meta property=\"og:url\" content=\"https:\/\/domainedesjosephins.com\/josephin\/index.php\/tete-noire\/\" \/>\n<meta property=\"og:site_name\" content=\"Domaine des Jos\u00e9phins\" \/>\n<meta property=\"article:publisher\" content=\"https:\/\/www.facebook.com\/profile.php?id=100054597872414\" \/>\n<meta property=\"article:modified_time\" content=\"2020-07-06T20:10:47+00:00\" \/>\n<meta name=\"twitter:card\" content=\"summary_large_image\" \/>\n<script type=\"application\/ld+json\" class=\"yoast-schema-graph\">{\"@context\":\"https:\/\/schema.org\",\"@graph\":[{\"@type\":\"WebPage\",\"@id\":\"https:\/\/domainedesjosephins.com\/josephin\/index.php\/tete-noire\/\",\"url\":\"https:\/\/domainedesjosephins.com\/josephin\/index.php\/tete-noire\/\",\"name\":\"T\u00eate Noire - Domaine des Jos\u00e9phins\",\"isPartOf\":{\"@id\":\"https:\/\/domainedesjosephins.com\/josephin\/#website\"},\"datePublished\":\"2018-10-18T20:43:00+00:00\",\"dateModified\":\"2020-07-06T20:10:47+00:00\",\"breadcrumb\":{\"@id\":\"https:\/\/domainedesjosephins.com\/josephin\/index.php\/tete-noire\/#breadcrumb\"},\"inLanguage\":\"fr-FR\",\"potentialAction\":[{\"@type\":\"ReadAction\",\"target\":[\"https:\/\/domainedesjosephins.com\/josephin\/index.php\/tete-noire\/\"]}]},{\"@type\":\"BreadcrumbList\",\"@id\":\"https:\/\/domainedesjosephins.com\/josephin\/index.php\/tete-noire\/#breadcrumb\",\"itemListElement\":[{\"@type\":\"ListItem\",\"position\":1,\"name\":\"Accueil\",\"item\":\"https:\/\/domainedesjosephins.com\/josephin\/\"},{\"@type\":\"ListItem\",\"position\":2,\"name\":\"T\u00eate Noire\"}]},{\"@type\":\"WebSite\",\"@id\":\"https:\/\/domainedesjosephins.com\/josephin\/#website\",\"url\":\"https:\/\/domainedesjosephins.com\/josephin\/\",\"name\":\"Domaine des Jos\u00e9phins\",\"description\":\"&quot;Du Beaujolais, mais pas que...&quot;\",\"publisher\":{\"@id\":\"https:\/\/domainedesjosephins.com\/josephin\/#organization\"},\"potentialAction\":[{\"@type\":\"SearchAction\",\"target\":{\"@type\":\"EntryPoint\",\"urlTemplate\":\"https:\/\/domainedesjosephins.com\/josephin\/?s={search_term_string}\"},\"query-input\":{\"@type\":\"PropertyValueSpecification\",\"valueRequired\":true,\"valueName\":\"search_term_string\"}}],\"inLanguage\":\"fr-FR\"},{\"@type\":\"Organization\",\"@id\":\"https:\/\/domainedesjosephins.com\/josephin\/#organization\",\"name\":\"Domaine des Jos\u00e9phins\",\"url\":\"https:\/\/domainedesjosephins.com\/josephin\/\",\"logo\":{\"@type\":\"ImageObject\",\"inLanguage\":\"fr-FR\",\"@id\":\"https:\/\/domainedesjosephins.com\/josephin\/#\/schema\/logo\/image\/\",\"url\":\"https:\/\/domainedesjosephins.com\/josephin\/wp-content\/uploads\/2018\/10\/cropped-en-tete-site-internet-1.jpg\",\"contentUrl\":\"https:\/\/domainedesjosephins.com\/josephin\/wp-content\/uploads\/2018\/10\/cropped-en-tete-site-internet-1.jpg\",\"width\":1300,\"height\":500,\"caption\":\"Domaine des Jos\u00e9phins\"},\"image\":{\"@id\":\"https:\/\/domainedesjosephins.com\/josephin\/#\/schema\/logo\/image\/\"},\"sameAs\":[\"https:\/\/www.facebook.com\/profile.php?id=100054597872414\"]}]}<\/script>\n<!-- \/ Yoast SEO plugin. -->","yoast_head_json":{"title":"T\u00eate Noire - Domaine des Jos\u00e9phins","robots":{"index":"index","follow":"follow","max-snippet":"max-snippet:-1","max-image-preview":"max-image-preview:large","max-video-preview":"max-video-preview:-1"},"canonical":"https:\/\/domainedesjosephins.com\/josephin\/index.php\/tete-noire\/","og_locale":"fr_FR","og_type":"article","og_title":"T\u00eate Noire - Domaine des Jos\u00e9phins","og_description":"C\u00e9page connu en Suisse, le Gamaret produit un vin \u00e0 la robe sombre, aux ar\u00f4mes puissants avec une pointe d&rsquo;animalit\u00e9. Pour les amateurs de c\u00f4tes du Rh\u00f4ne, voici une cuv\u00e9e [&hellip;]","og_url":"https:\/\/domainedesjosephins.com\/josephin\/index.php\/tete-noire\/","og_site_name":"Domaine des Jos\u00e9phins","article_publisher":"https:\/\/www.facebook.com\/profile.php?id=100054597872414","article_modified_time":"2020-07-06T20:10:47+00:00","twitter_card":"summary_large_image","schema":{"@context":"https:\/\/schema.org","@graph":[{"@type":"WebPage","@id":"https:\/\/domainedesjosephins.com\/josephin\/index.php\/tete-noire\/","url":"https:\/\/domainedesjosephins.com\/josephin\/index.php\/tete-noire\/","name":"T\u00eate Noire - Domaine des Jos\u00e9phins","isPartOf":{"@id":"https:\/\/domainedesjosephins.com\/josephin\/#website"},"datePublished":"2018-10-18T20:43:00+00:00","dateModified":"2020-07-06T20:10:47+00:00","breadcrumb":{"@id":"https:\/\/domainedesjosephins.com\/josephin\/index.php\/tete-noire\/#breadcrumb"},"inLanguage":"fr-FR","potentialAction":[{"@type":"ReadAction","target":["https:\/\/domainedesjosephins.com\/josephin\/index.php\/tete-noire\/"]}]},{"@type":"BreadcrumbList","@id":"https:\/\/domainedesjosephins.com\/josephin\/index.php\/tete-noire\/#breadcrumb","itemListElement":[{"@type":"ListItem","position":1,"name":"Accueil","item":"https:\/\/domainedesjosephins.com\/josephin\/"},{"@type":"ListItem","position":2,"name":"T\u00eate Noire"}]},{"@type":"WebSite","@id":"https:\/\/domainedesjosephins.com\/josephin\/#website","url":"https:\/\/domainedesjosephins.com\/josephin\/","name":"Domaine des Jos\u00e9phins","description":"&quot;Du Beaujolais, mais pas que...&quot;","publisher":{"@id":"https:\/\/domainedesjosephins.com\/josephin\/#organization"},"potentialAction":[{"@type":"SearchAction","target":{"@type":"EntryPoint","urlTemplate":"https:\/\/domainedesjosephins.com\/josephin\/?s={search_term_string}"},"query-input":{"@type":"PropertyValueSpecification","valueRequired":true,"valueName":"search_term_string"}}],"inLanguage":"fr-FR"},{"@type":"Organization","@id":"https:\/\/domainedesjosephins.com\/josephin\/#organization","name":"Domaine des Jos\u00e9phins","url":"https:\/\/domainedesjosephins.com\/josephin\/","logo":{"@type":"ImageObject","inLanguage":"fr-FR","@id":"https:\/\/domainedesjosephins.com\/josephin\/#\/schema\/logo\/image\/","url":"https:\/\/domainedesjosephins.com\/josephin\/wp-content\/uploads\/2018\/10\/cropped-en-tete-site-internet-1.jpg","contentUrl":"https:\/\/domainedesjosephins.com\/josephin\/wp-content\/uploads\/2018\/10\/cropped-en-tete-site-internet-1.jpg","width":1300,"height":500,"caption":"Domaine des Jos\u00e9phins"},"image":{"@id":"https:\/\/domainedesjosephins.com\/josephin\/#\/schema\/logo\/image\/"},"sameAs":["https:\/\/www.facebook.com\/profile.php?id=100054597872414"]}]}},"jetpack_sharing_enabled":true,"_links":{"self":[{"href":"https:\/\/domainedesjosephins.com\/josephin\/index.php\/wp-json\/wp\/v2\/pages\/145","targetHints":{"allow":["GET"]}}],"collection":[{"href":"https:\/\/domainedesjosephins.com\/josephin\/index.php\/wp-json\/wp\/v2\/pages"}],"about":[{"href":"https:\/\/domainedesjosephins.com\/josephin\/index.php\/wp-json\/wp\/v2\/types\/page"}],"author":[{"embeddable":true,"href":"https:\/\/domainedesjosephins.com\/josephin\/index.php\/wp-json\/wp\/v2\/users\/1"}],"replies":[{"embeddable":true,"href":"https:\/\/domainedesjosephins.com\/josephin\/index.php\/wp-json\/wp\/v2\/comments?post=145"}],"version-history":[{"count":7,"href":"https:\/\/domainedesjosephins.com\/josephin\/index.php\/wp-json\/wp\/v2\/pages\/145\/revisions"}],"predecessor-version":[{"id":1045,"href":"https:\/\/domainedesjosephins.com\/josephin\/index.php\/wp-json\/wp\/v2\/pages\/145\/revisions\/1045"}],"wp:attachment":[{"href":"https:\/\/domainedesjosephins.com\/josephin\/index.php\/wp-json\/wp\/v2\/media?parent=145"}],"curies":[{"name":"wp","href":"https:\/\/api.w.org\/{rel}","templated":true}]}}