{"id":147,"date":"2018-10-18T22:43:36","date_gmt":"2018-10-18T20:43:36","guid":{"rendered":"http:\/\/domainedesjosephins.com\/josephin\/?page_id=147"},"modified":"2020-07-06T21:51:05","modified_gmt":"2020-07-06T19:51:05","slug":"r-osez-josephine","status":"publish","type":"page","link":"https:\/\/domainedesjosephins.com\/josephin\/index.php\/r-osez-josephine\/","title":{"rendered":"R&#8230;Osez Jos\u00e9phine"},"content":{"rendered":"<p><img loading=\"lazy\" decoding=\"async\" class=\"size-medium wp-image-281 alignleft\" src=\"http:\/\/domainedesjosephins.com\/josephin\/wp-content\/uploads\/2018\/10\/R...osez-Jos\u00e9phine-140x300.jpg\" alt=\"\" width=\"350\" height=\"750\" srcset=\"https:\/\/domainedesjosephins.com\/josephin\/wp-content\/uploads\/2018\/10\/R...osez-Jos\u00e9phine-140x300.jpg 140w, https:\/\/domainedesjosephins.com\/josephin\/wp-content\/uploads\/2018\/10\/R...osez-Jos\u00e9phine-300x643.jpg 300w, https:\/\/domainedesjosephins.com\/josephin\/wp-content\/uploads\/2018\/10\/R...osez-Jos\u00e9phine-600x1286.jpg 600w, https:\/\/domainedesjosephins.com\/josephin\/wp-content\/uploads\/2018\/10\/R...osez-Jos\u00e9phine-768x1646.jpg 768w, https:\/\/domainedesjosephins.com\/josephin\/wp-content\/uploads\/2018\/10\/R...osez-Jos\u00e9phine-478x1024.jpg 478w, https:\/\/domainedesjosephins.com\/josephin\/wp-content\/uploads\/2018\/10\/R...osez-Jos\u00e9phine.jpg 1400w\" sizes=\"(max-width: 350px) 100vw, 350px\" \/><\/p>\n<p>Un ros\u00e9 dans le beaujolais&#8230;?!?!<br \/>\nLe Gamay, c\u00e9page plus en finesse qu&rsquo;en puissance, se pr\u00eate merveilleusement \u00e0 cet exercice. Il donne un ros\u00e9 \u00e0 la fois sur le fruit et d&rsquo;une grande l\u00e9g\u00e8ret\u00e9 qui le rend d\u00e9salt\u00e9rant. Sa fra\u00eecheur naturelle et ses ar\u00f4mes fleuris en font le compagnon id\u00e9al des grands jours de chaleur et des soir\u00e9es sous les \u00e9toiles.<\/p>\n","protected":false},"excerpt":{"rendered":"<p>Un ros\u00e9 dans le beaujolais&#8230;?!?! Le Gamay, c\u00e9page plus en finesse qu&rsquo;en puissance, se pr\u00eate merveilleusement \u00e0 cet exercice. Il donne un ros\u00e9 \u00e0 la fois sur le fruit et [&hellip;]<\/p>\n","protected":false},"author":1,"featured_media":0,"parent":0,"menu_order":0,"comment_status":"open","ping_status":"open","template":"","meta":{"_et_pb_use_builder":"","_et_pb_old_content":"","_et_gb_content_width":"","footnotes":""},"class_list":["post-147","page","type-page","status-publish","hentry"],"yoast_head":"<!-- This site is optimized with the Yoast SEO plugin v23.8 - https:\/\/yoast.com\/wordpress\/plugins\/seo\/ -->\n<title>R...Osez Jos\u00e9phine - Domaine des Jos\u00e9phins<\/title>\n<meta name=\"robots\" content=\"index, follow, max-snippet:-1, max-image-preview:large, max-video-preview:-1\" \/>\n<link rel=\"canonical\" href=\"https:\/\/domainedesjosephins.com\/josephin\/index.php\/r-osez-josephine\/\" \/>\n<meta property=\"og:locale\" content=\"fr_FR\" \/>\n<meta property=\"og:type\" content=\"article\" \/>\n<meta property=\"og:title\" content=\"R...Osez Jos\u00e9phine - Domaine des Jos\u00e9phins\" \/>\n<meta property=\"og:description\" content=\"Un ros\u00e9 dans le beaujolais&#8230;?!?! Le Gamay, c\u00e9page plus en finesse qu&rsquo;en puissance, se pr\u00eate merveilleusement \u00e0 cet exercice. Il donne un ros\u00e9 \u00e0 la fois sur le fruit et [&hellip;]\" \/>\n<meta property=\"og:url\" content=\"https:\/\/domainedesjosephins.com\/josephin\/index.php\/r-osez-josephine\/\" \/>\n<meta property=\"og:site_name\" content=\"Domaine des Jos\u00e9phins\" \/>\n<meta property=\"article:publisher\" content=\"https:\/\/www.facebook.com\/profile.php?id=100054597872414\" \/>\n<meta property=\"article:modified_time\" content=\"2020-07-06T19:51:05+00:00\" \/>\n<meta name=\"twitter:card\" content=\"summary_large_image\" \/>\n<script type=\"application\/ld+json\" class=\"yoast-schema-graph\">{\"@context\":\"https:\/\/schema.org\",\"@graph\":[{\"@type\":\"WebPage\",\"@id\":\"https:\/\/domainedesjosephins.com\/josephin\/index.php\/r-osez-josephine\/\",\"url\":\"https:\/\/domainedesjosephins.com\/josephin\/index.php\/r-osez-josephine\/\",\"name\":\"R...Osez Jos\u00e9phine - Domaine des Jos\u00e9phins\",\"isPartOf\":{\"@id\":\"https:\/\/domainedesjosephins.com\/josephin\/#website\"},\"datePublished\":\"2018-10-18T20:43:36+00:00\",\"dateModified\":\"2020-07-06T19:51:05+00:00\",\"breadcrumb\":{\"@id\":\"https:\/\/domainedesjosephins.com\/josephin\/index.php\/r-osez-josephine\/#breadcrumb\"},\"inLanguage\":\"fr-FR\",\"potentialAction\":[{\"@type\":\"ReadAction\",\"target\":[\"https:\/\/domainedesjosephins.com\/josephin\/index.php\/r-osez-josephine\/\"]}]},{\"@type\":\"BreadcrumbList\",\"@id\":\"https:\/\/domainedesjosephins.com\/josephin\/index.php\/r-osez-josephine\/#breadcrumb\",\"itemListElement\":[{\"@type\":\"ListItem\",\"position\":1,\"name\":\"Accueil\",\"item\":\"https:\/\/domainedesjosephins.com\/josephin\/\"},{\"@type\":\"ListItem\",\"position\":2,\"name\":\"R&#8230;Osez Jos\u00e9phine\"}]},{\"@type\":\"WebSite\",\"@id\":\"https:\/\/domainedesjosephins.com\/josephin\/#website\",\"url\":\"https:\/\/domainedesjosephins.com\/josephin\/\",\"name\":\"Domaine des Jos\u00e9phins\",\"description\":\"&quot;Du Beaujolais, mais pas que...&quot;\",\"publisher\":{\"@id\":\"https:\/\/domainedesjosephins.com\/josephin\/#organization\"},\"potentialAction\":[{\"@type\":\"SearchAction\",\"target\":{\"@type\":\"EntryPoint\",\"urlTemplate\":\"https:\/\/domainedesjosephins.com\/josephin\/?s={search_term_string}\"},\"query-input\":{\"@type\":\"PropertyValueSpecification\",\"valueRequired\":true,\"valueName\":\"search_term_string\"}}],\"inLanguage\":\"fr-FR\"},{\"@type\":\"Organization\",\"@id\":\"https:\/\/domainedesjosephins.com\/josephin\/#organization\",\"name\":\"Domaine des Jos\u00e9phins\",\"url\":\"https:\/\/domainedesjosephins.com\/josephin\/\",\"logo\":{\"@type\":\"ImageObject\",\"inLanguage\":\"fr-FR\",\"@id\":\"https:\/\/domainedesjosephins.com\/josephin\/#\/schema\/logo\/image\/\",\"url\":\"https:\/\/domainedesjosephins.com\/josephin\/wp-content\/uploads\/2018\/10\/cropped-en-tete-site-internet-1.jpg\",\"contentUrl\":\"https:\/\/domainedesjosephins.com\/josephin\/wp-content\/uploads\/2018\/10\/cropped-en-tete-site-internet-1.jpg\",\"width\":1300,\"height\":500,\"caption\":\"Domaine des Jos\u00e9phins\"},\"image\":{\"@id\":\"https:\/\/domainedesjosephins.com\/josephin\/#\/schema\/logo\/image\/\"},\"sameAs\":[\"https:\/\/www.facebook.com\/profile.php?id=100054597872414\"]}]}<\/script>\n<!-- \/ Yoast SEO plugin. -->","yoast_head_json":{"title":"R...Osez Jos\u00e9phine - Domaine des Jos\u00e9phins","robots":{"index":"index","follow":"follow","max-snippet":"max-snippet:-1","max-image-preview":"max-image-preview:large","max-video-preview":"max-video-preview:-1"},"canonical":"https:\/\/domainedesjosephins.com\/josephin\/index.php\/r-osez-josephine\/","og_locale":"fr_FR","og_type":"article","og_title":"R...Osez Jos\u00e9phine - Domaine des Jos\u00e9phins","og_description":"Un ros\u00e9 dans le beaujolais&#8230;?!?! Le Gamay, c\u00e9page plus en finesse qu&rsquo;en puissance, se pr\u00eate merveilleusement \u00e0 cet exercice. Il donne un ros\u00e9 \u00e0 la fois sur le fruit et [&hellip;]","og_url":"https:\/\/domainedesjosephins.com\/josephin\/index.php\/r-osez-josephine\/","og_site_name":"Domaine des Jos\u00e9phins","article_publisher":"https:\/\/www.facebook.com\/profile.php?id=100054597872414","article_modified_time":"2020-07-06T19:51:05+00:00","twitter_card":"summary_large_image","schema":{"@context":"https:\/\/schema.org","@graph":[{"@type":"WebPage","@id":"https:\/\/domainedesjosephins.com\/josephin\/index.php\/r-osez-josephine\/","url":"https:\/\/domainedesjosephins.com\/josephin\/index.php\/r-osez-josephine\/","name":"R...Osez Jos\u00e9phine - Domaine des Jos\u00e9phins","isPartOf":{"@id":"https:\/\/domainedesjosephins.com\/josephin\/#website"},"datePublished":"2018-10-18T20:43:36+00:00","dateModified":"2020-07-06T19:51:05+00:00","breadcrumb":{"@id":"https:\/\/domainedesjosephins.com\/josephin\/index.php\/r-osez-josephine\/#breadcrumb"},"inLanguage":"fr-FR","potentialAction":[{"@type":"ReadAction","target":["https:\/\/domainedesjosephins.com\/josephin\/index.php\/r-osez-josephine\/"]}]},{"@type":"BreadcrumbList","@id":"https:\/\/domainedesjosephins.com\/josephin\/index.php\/r-osez-josephine\/#breadcrumb","itemListElement":[{"@type":"ListItem","position":1,"name":"Accueil","item":"https:\/\/domainedesjosephins.com\/josephin\/"},{"@type":"ListItem","position":2,"name":"R&#8230;Osez Jos\u00e9phine"}]},{"@type":"WebSite","@id":"https:\/\/domainedesjosephins.com\/josephin\/#website","url":"https:\/\/domainedesjosephins.com\/josephin\/","name":"Domaine des Jos\u00e9phins","description":"&quot;Du Beaujolais, mais pas que...&quot;","publisher":{"@id":"https:\/\/domainedesjosephins.com\/josephin\/#organization"},"potentialAction":[{"@type":"SearchAction","target":{"@type":"EntryPoint","urlTemplate":"https:\/\/domainedesjosephins.com\/josephin\/?s={search_term_string}"},"query-input":{"@type":"PropertyValueSpecification","valueRequired":true,"valueName":"search_term_string"}}],"inLanguage":"fr-FR"},{"@type":"Organization","@id":"https:\/\/domainedesjosephins.com\/josephin\/#organization","name":"Domaine des Jos\u00e9phins","url":"https:\/\/domainedesjosephins.com\/josephin\/","logo":{"@type":"ImageObject","inLanguage":"fr-FR","@id":"https:\/\/domainedesjosephins.com\/josephin\/#\/schema\/logo\/image\/","url":"https:\/\/domainedesjosephins.com\/josephin\/wp-content\/uploads\/2018\/10\/cropped-en-tete-site-internet-1.jpg","contentUrl":"https:\/\/domainedesjosephins.com\/josephin\/wp-content\/uploads\/2018\/10\/cropped-en-tete-site-internet-1.jpg","width":1300,"height":500,"caption":"Domaine des Jos\u00e9phins"},"image":{"@id":"https:\/\/domainedesjosephins.com\/josephin\/#\/schema\/logo\/image\/"},"sameAs":["https:\/\/www.facebook.com\/profile.php?id=100054597872414"]}]}},"jetpack_sharing_enabled":true,"_links":{"self":[{"href":"https:\/\/domainedesjosephins.com\/josephin\/index.php\/wp-json\/wp\/v2\/pages\/147","targetHints":{"allow":["GET"]}}],"collection":[{"href":"https:\/\/domainedesjosephins.com\/josephin\/index.php\/wp-json\/wp\/v2\/pages"}],"about":[{"href":"https:\/\/domainedesjosephins.com\/josephin\/index.php\/wp-json\/wp\/v2\/types\/page"}],"author":[{"embeddable":true,"href":"https:\/\/domainedesjosephins.com\/josephin\/index.php\/wp-json\/wp\/v2\/users\/1"}],"replies":[{"embeddable":true,"href":"https:\/\/domainedesjosephins.com\/josephin\/index.php\/wp-json\/wp\/v2\/comments?post=147"}],"version-history":[{"count":8,"href":"https:\/\/domainedesjosephins.com\/josephin\/index.php\/wp-json\/wp\/v2\/pages\/147\/revisions"}],"predecessor-version":[{"id":1043,"href":"https:\/\/domainedesjosephins.com\/josephin\/index.php\/wp-json\/wp\/v2\/pages\/147\/revisions\/1043"}],"wp:attachment":[{"href":"https:\/\/domainedesjosephins.com\/josephin\/index.php\/wp-json\/wp\/v2\/media?parent=147"}],"curies":[{"name":"wp","href":"https:\/\/api.w.org\/{rel}","templated":true}]}}