{"id":149,"date":"2018-10-18T22:43:47","date_gmt":"2018-10-18T20:43:47","guid":{"rendered":"http:\/\/domainedesjosephins.com\/josephin\/?page_id=149"},"modified":"2020-07-06T21:18:29","modified_gmt":"2020-07-06T19:18:29","slug":"belle-josephine","status":"publish","type":"page","link":"https:\/\/domainedesjosephins.com\/josephin\/index.php\/belle-josephine\/","title":{"rendered":"Belle Jos\u00e9phine"},"content":{"rendered":"<p><img loading=\"lazy\" decoding=\"async\" class=\"size-medium wp-image-283 alignleft\" src=\"http:\/\/domainedesjosephins.com\/josephin\/wp-content\/uploads\/2018\/10\/Belle-Jos\u00e9phine-140x300.jpg\" alt=\"\" width=\"350\" height=\"750\" srcset=\"https:\/\/domainedesjosephins.com\/josephin\/wp-content\/uploads\/2018\/10\/Belle-Jos\u00e9phine-140x300.jpg 140w, https:\/\/domainedesjosephins.com\/josephin\/wp-content\/uploads\/2018\/10\/Belle-Jos\u00e9phine-300x643.jpg 300w, https:\/\/domainedesjosephins.com\/josephin\/wp-content\/uploads\/2018\/10\/Belle-Jos\u00e9phine-600x1286.jpg 600w, https:\/\/domainedesjosephins.com\/josephin\/wp-content\/uploads\/2018\/10\/Belle-Jos\u00e9phine-768x1646.jpg 768w, https:\/\/domainedesjosephins.com\/josephin\/wp-content\/uploads\/2018\/10\/Belle-Jos\u00e9phine-478x1024.jpg 478w, https:\/\/domainedesjosephins.com\/josephin\/wp-content\/uploads\/2018\/10\/Belle-Jos\u00e9phine.jpg 1400w\" sizes=\"(max-width: 350px) 100vw, 350px\" \/><\/p>\n<p>Vin p\u00e9tillant \u00e0 faible degr\u00e9 d&rsquo;alcool, ce ros\u00e9 de Gamay sera pr\u00e9sent dans tous les moments festifs et conviviaux de votre vie. L\u00e9g\u00e8rement sucr\u00e9, d&rsquo;une fine bulle, il plaira \u00e0 tous par sa fra\u00eecheur.<\/p>\n<p>En ap\u00e9ritif ou en accompagnement d&rsquo;un dessert chocolat\u00e9, toutes les occasions sont bonnes pour appr\u00e9cier une coupe de Belle Jos\u00e9phine.<\/p>\n","protected":false},"excerpt":{"rendered":"<p>Vin p\u00e9tillant \u00e0 faible degr\u00e9 d&rsquo;alcool, ce ros\u00e9 de Gamay sera pr\u00e9sent dans tous les moments festifs et conviviaux de votre vie. L\u00e9g\u00e8rement sucr\u00e9, d&rsquo;une fine bulle, il plaira \u00e0 [&hellip;]<\/p>\n","protected":false},"author":1,"featured_media":0,"parent":0,"menu_order":0,"comment_status":"open","ping_status":"open","template":"","meta":{"_et_pb_use_builder":"","_et_pb_old_content":"","_et_gb_content_width":"","footnotes":""},"class_list":["post-149","page","type-page","status-publish","hentry"],"yoast_head":"<!-- This site is optimized with the Yoast SEO plugin v23.8 - https:\/\/yoast.com\/wordpress\/plugins\/seo\/ -->\n<title>Belle Jos\u00e9phine - Domaine des Jos\u00e9phins<\/title>\n<meta name=\"robots\" content=\"index, follow, max-snippet:-1, max-image-preview:large, max-video-preview:-1\" \/>\n<link rel=\"canonical\" href=\"https:\/\/domainedesjosephins.com\/josephin\/index.php\/belle-josephine\/\" \/>\n<meta property=\"og:locale\" content=\"fr_FR\" \/>\n<meta property=\"og:type\" content=\"article\" \/>\n<meta property=\"og:title\" content=\"Belle Jos\u00e9phine - Domaine des Jos\u00e9phins\" \/>\n<meta property=\"og:description\" content=\"Vin p\u00e9tillant \u00e0 faible degr\u00e9 d&rsquo;alcool, ce ros\u00e9 de Gamay sera pr\u00e9sent dans tous les moments festifs et conviviaux de votre vie. L\u00e9g\u00e8rement sucr\u00e9, d&rsquo;une fine bulle, il plaira \u00e0 [&hellip;]\" \/>\n<meta property=\"og:url\" content=\"https:\/\/domainedesjosephins.com\/josephin\/index.php\/belle-josephine\/\" \/>\n<meta property=\"og:site_name\" content=\"Domaine des Jos\u00e9phins\" \/>\n<meta property=\"article:publisher\" content=\"https:\/\/www.facebook.com\/profile.php?id=100054597872414\" \/>\n<meta property=\"article:modified_time\" content=\"2020-07-06T19:18:29+00:00\" \/>\n<meta name=\"twitter:card\" content=\"summary_large_image\" \/>\n<script type=\"application\/ld+json\" class=\"yoast-schema-graph\">{\"@context\":\"https:\/\/schema.org\",\"@graph\":[{\"@type\":\"WebPage\",\"@id\":\"https:\/\/domainedesjosephins.com\/josephin\/index.php\/belle-josephine\/\",\"url\":\"https:\/\/domainedesjosephins.com\/josephin\/index.php\/belle-josephine\/\",\"name\":\"Belle Jos\u00e9phine - Domaine des Jos\u00e9phins\",\"isPartOf\":{\"@id\":\"https:\/\/domainedesjosephins.com\/josephin\/#website\"},\"datePublished\":\"2018-10-18T20:43:47+00:00\",\"dateModified\":\"2020-07-06T19:18:29+00:00\",\"breadcrumb\":{\"@id\":\"https:\/\/domainedesjosephins.com\/josephin\/index.php\/belle-josephine\/#breadcrumb\"},\"inLanguage\":\"fr-FR\",\"potentialAction\":[{\"@type\":\"ReadAction\",\"target\":[\"https:\/\/domainedesjosephins.com\/josephin\/index.php\/belle-josephine\/\"]}]},{\"@type\":\"BreadcrumbList\",\"@id\":\"https:\/\/domainedesjosephins.com\/josephin\/index.php\/belle-josephine\/#breadcrumb\",\"itemListElement\":[{\"@type\":\"ListItem\",\"position\":1,\"name\":\"Accueil\",\"item\":\"https:\/\/domainedesjosephins.com\/josephin\/\"},{\"@type\":\"ListItem\",\"position\":2,\"name\":\"Belle Jos\u00e9phine\"}]},{\"@type\":\"WebSite\",\"@id\":\"https:\/\/domainedesjosephins.com\/josephin\/#website\",\"url\":\"https:\/\/domainedesjosephins.com\/josephin\/\",\"name\":\"Domaine des Jos\u00e9phins\",\"description\":\"&quot;Du Beaujolais, mais pas que...&quot;\",\"publisher\":{\"@id\":\"https:\/\/domainedesjosephins.com\/josephin\/#organization\"},\"potentialAction\":[{\"@type\":\"SearchAction\",\"target\":{\"@type\":\"EntryPoint\",\"urlTemplate\":\"https:\/\/domainedesjosephins.com\/josephin\/?s={search_term_string}\"},\"query-input\":{\"@type\":\"PropertyValueSpecification\",\"valueRequired\":true,\"valueName\":\"search_term_string\"}}],\"inLanguage\":\"fr-FR\"},{\"@type\":\"Organization\",\"@id\":\"https:\/\/domainedesjosephins.com\/josephin\/#organization\",\"name\":\"Domaine des Jos\u00e9phins\",\"url\":\"https:\/\/domainedesjosephins.com\/josephin\/\",\"logo\":{\"@type\":\"ImageObject\",\"inLanguage\":\"fr-FR\",\"@id\":\"https:\/\/domainedesjosephins.com\/josephin\/#\/schema\/logo\/image\/\",\"url\":\"https:\/\/domainedesjosephins.com\/josephin\/wp-content\/uploads\/2018\/10\/cropped-en-tete-site-internet-1.jpg\",\"contentUrl\":\"https:\/\/domainedesjosephins.com\/josephin\/wp-content\/uploads\/2018\/10\/cropped-en-tete-site-internet-1.jpg\",\"width\":1300,\"height\":500,\"caption\":\"Domaine des Jos\u00e9phins\"},\"image\":{\"@id\":\"https:\/\/domainedesjosephins.com\/josephin\/#\/schema\/logo\/image\/\"},\"sameAs\":[\"https:\/\/www.facebook.com\/profile.php?id=100054597872414\"]}]}<\/script>\n<!-- \/ Yoast SEO plugin. -->","yoast_head_json":{"title":"Belle Jos\u00e9phine - Domaine des Jos\u00e9phins","robots":{"index":"index","follow":"follow","max-snippet":"max-snippet:-1","max-image-preview":"max-image-preview:large","max-video-preview":"max-video-preview:-1"},"canonical":"https:\/\/domainedesjosephins.com\/josephin\/index.php\/belle-josephine\/","og_locale":"fr_FR","og_type":"article","og_title":"Belle Jos\u00e9phine - Domaine des Jos\u00e9phins","og_description":"Vin p\u00e9tillant \u00e0 faible degr\u00e9 d&rsquo;alcool, ce ros\u00e9 de Gamay sera pr\u00e9sent dans tous les moments festifs et conviviaux de votre vie. L\u00e9g\u00e8rement sucr\u00e9, d&rsquo;une fine bulle, il plaira \u00e0 [&hellip;]","og_url":"https:\/\/domainedesjosephins.com\/josephin\/index.php\/belle-josephine\/","og_site_name":"Domaine des Jos\u00e9phins","article_publisher":"https:\/\/www.facebook.com\/profile.php?id=100054597872414","article_modified_time":"2020-07-06T19:18:29+00:00","twitter_card":"summary_large_image","schema":{"@context":"https:\/\/schema.org","@graph":[{"@type":"WebPage","@id":"https:\/\/domainedesjosephins.com\/josephin\/index.php\/belle-josephine\/","url":"https:\/\/domainedesjosephins.com\/josephin\/index.php\/belle-josephine\/","name":"Belle Jos\u00e9phine - Domaine des Jos\u00e9phins","isPartOf":{"@id":"https:\/\/domainedesjosephins.com\/josephin\/#website"},"datePublished":"2018-10-18T20:43:47+00:00","dateModified":"2020-07-06T19:18:29+00:00","breadcrumb":{"@id":"https:\/\/domainedesjosephins.com\/josephin\/index.php\/belle-josephine\/#breadcrumb"},"inLanguage":"fr-FR","potentialAction":[{"@type":"ReadAction","target":["https:\/\/domainedesjosephins.com\/josephin\/index.php\/belle-josephine\/"]}]},{"@type":"BreadcrumbList","@id":"https:\/\/domainedesjosephins.com\/josephin\/index.php\/belle-josephine\/#breadcrumb","itemListElement":[{"@type":"ListItem","position":1,"name":"Accueil","item":"https:\/\/domainedesjosephins.com\/josephin\/"},{"@type":"ListItem","position":2,"name":"Belle Jos\u00e9phine"}]},{"@type":"WebSite","@id":"https:\/\/domainedesjosephins.com\/josephin\/#website","url":"https:\/\/domainedesjosephins.com\/josephin\/","name":"Domaine des Jos\u00e9phins","description":"&quot;Du Beaujolais, mais pas que...&quot;","publisher":{"@id":"https:\/\/domainedesjosephins.com\/josephin\/#organization"},"potentialAction":[{"@type":"SearchAction","target":{"@type":"EntryPoint","urlTemplate":"https:\/\/domainedesjosephins.com\/josephin\/?s={search_term_string}"},"query-input":{"@type":"PropertyValueSpecification","valueRequired":true,"valueName":"search_term_string"}}],"inLanguage":"fr-FR"},{"@type":"Organization","@id":"https:\/\/domainedesjosephins.com\/josephin\/#organization","name":"Domaine des Jos\u00e9phins","url":"https:\/\/domainedesjosephins.com\/josephin\/","logo":{"@type":"ImageObject","inLanguage":"fr-FR","@id":"https:\/\/domainedesjosephins.com\/josephin\/#\/schema\/logo\/image\/","url":"https:\/\/domainedesjosephins.com\/josephin\/wp-content\/uploads\/2018\/10\/cropped-en-tete-site-internet-1.jpg","contentUrl":"https:\/\/domainedesjosephins.com\/josephin\/wp-content\/uploads\/2018\/10\/cropped-en-tete-site-internet-1.jpg","width":1300,"height":500,"caption":"Domaine des Jos\u00e9phins"},"image":{"@id":"https:\/\/domainedesjosephins.com\/josephin\/#\/schema\/logo\/image\/"},"sameAs":["https:\/\/www.facebook.com\/profile.php?id=100054597872414"]}]}},"jetpack_sharing_enabled":true,"_links":{"self":[{"href":"https:\/\/domainedesjosephins.com\/josephin\/index.php\/wp-json\/wp\/v2\/pages\/149","targetHints":{"allow":["GET"]}}],"collection":[{"href":"https:\/\/domainedesjosephins.com\/josephin\/index.php\/wp-json\/wp\/v2\/pages"}],"about":[{"href":"https:\/\/domainedesjosephins.com\/josephin\/index.php\/wp-json\/wp\/v2\/types\/page"}],"author":[{"embeddable":true,"href":"https:\/\/domainedesjosephins.com\/josephin\/index.php\/wp-json\/wp\/v2\/users\/1"}],"replies":[{"embeddable":true,"href":"https:\/\/domainedesjosephins.com\/josephin\/index.php\/wp-json\/wp\/v2\/comments?post=149"}],"version-history":[{"count":10,"href":"https:\/\/domainedesjosephins.com\/josephin\/index.php\/wp-json\/wp\/v2\/pages\/149\/revisions"}],"predecessor-version":[{"id":1036,"href":"https:\/\/domainedesjosephins.com\/josephin\/index.php\/wp-json\/wp\/v2\/pages\/149\/revisions\/1036"}],"wp:attachment":[{"href":"https:\/\/domainedesjosephins.com\/josephin\/index.php\/wp-json\/wp\/v2\/media?parent=149"}],"curies":[{"name":"wp","href":"https:\/\/api.w.org\/{rel}","templated":true}]}}