{"id":153,"date":"2018-10-18T22:44:40","date_gmt":"2018-10-18T20:44:40","guid":{"rendered":"http:\/\/domainedesjosephins.com\/josephin\/?page_id=153"},"modified":"2020-07-06T21:42:20","modified_gmt":"2020-07-06T19:42:20","slug":"lor-des-pierres","status":"publish","type":"page","link":"https:\/\/domainedesjosephins.com\/josephin\/index.php\/lor-des-pierres\/","title":{"rendered":"L&rsquo;Or des Pierres"},"content":{"rendered":"<p align=\"left\">\n<p><img loading=\"lazy\" decoding=\"async\" class=\"alignleft\" src=\"http:\/\/domainedesjosephins.com\/josephin\/wp-content\/uploads\/2018\/10\/Or-des-pierres-retouch\u00e9-1400x3000-1-e1540240813894.jpg\" usemap=\"#map\" width=\"350\" height=\"750\" border=\"0\" \/><\/p>\n<p><span style=\"font-family: Arimo, sans-serif;\"><span style=\"font-size: large;\">Nos Chardonnays qui composent cette cuv\u00e9e sont r\u00e9partis sur trois parcelles aux sols et orientations diff\u00e9rentes afin de pouvoir r\u00e9unir toute la palette d&rsquo;ar\u00f4mes de ce c\u00e9page.<\/span><\/span><\/p>\n<p align=\"left\"><span style=\"font-family: Arimo, sans-serif;\"><span style=\"font-size: large;\">Notre mode de culture \u00e9cologique TerraVitis permet d&rsquo;avoir des raisins de bonne qualit\u00e9 sans impact d\u00e9gradant sur l&rsquo;environnement.<\/span><\/span><\/p>\n<p align=\"left\"><span style=\"font-family: Arimo, sans-serif;\"><span style=\"font-size: large;\">Vendang\u00e9s \u00e0 la main les Chardonnay sont mis en cuve quelques heures pour r\u00e9aliser un mac\u00e9ration pr\u00e9-fermentaire qui lib\u00e8re la richesse de toutes ses nuances. <\/span><\/span><\/p>\n<p align=\"left\"><span style=\"font-family: Arimo, sans-serif;\"><span style=\"font-size: large;\">Apr\u00e8s pressurage, il d\u00e9marre sa fermentation en cuve avant d&rsquo;\u00eatre entonn\u00e9 dans des f\u00fbts de ch\u00eane bourguignons \u00e0 mi-parcours. Cette m\u00e9thode permet d&rsquo;affiner les ar\u00f4mes bois\u00e9s et de fondre les ar\u00f4mes pour un complexit\u00e9 plus importante. <\/span><\/span><\/p>\n<p align=\"left\"><span style=\"font-family: Arimo, sans-serif;\"><span style=\"font-size: large;\">Il passe ensuite entre 6 mois et un an dans des f\u00fbts de ch\u00eane bourguignons afin de gagner sa rondeur et ses ar\u00f4mes miell\u00e9s. <\/span><\/span><\/p>\n<p align=\"left\"><span style=\"font-family: Arimo, sans-serif;\"><span style=\"font-size: large;\">Le temps de garde de cette cuv\u00e9e se situe entre 2 et 5 ans dans de bonnes conditions.<\/span><\/span><\/p>\n<p align=\"left\"><span style=\"font-family: Arimo, sans-serif;\"><span style=\"font-size: large;\">La temp\u00e9rature de service est id\u00e9ale entre 8 et 12\u00b0C. <\/span><\/span><\/p>\n<p align=\"left\"><span style=\"font-family: Arimo, sans-serif;\"><span style=\"font-size: large;\">Ses ar\u00f4mes de miel, de vanille et de fleurs blanches en feront le compagnon id\u00e9al sur un foie gras, un plat truff\u00e9 comme un simple ap\u00e9ritif.<\/span><\/span><\/p>\n","protected":false},"excerpt":{"rendered":"<p>Nos Chardonnays qui composent cette cuv\u00e9e sont r\u00e9partis sur trois parcelles aux sols et orientations diff\u00e9rentes afin de pouvoir r\u00e9unir toute la palette d&rsquo;ar\u00f4mes de ce c\u00e9page. Notre mode de [&hellip;]<\/p>\n","protected":false},"author":1,"featured_media":0,"parent":0,"menu_order":0,"comment_status":"open","ping_status":"open","template":"","meta":{"_et_pb_use_builder":"","_et_pb_old_content":"","_et_gb_content_width":"","footnotes":""},"class_list":["post-153","page","type-page","status-publish","hentry"],"yoast_head":"<!-- This site is optimized with the Yoast SEO plugin v23.8 - https:\/\/yoast.com\/wordpress\/plugins\/seo\/ -->\n<title>L&#039;Or des Pierres - Domaine des Jos\u00e9phins<\/title>\n<meta name=\"robots\" content=\"index, follow, max-snippet:-1, max-image-preview:large, max-video-preview:-1\" \/>\n<link rel=\"canonical\" href=\"https:\/\/domainedesjosephins.com\/josephin\/index.php\/lor-des-pierres\/\" \/>\n<meta property=\"og:locale\" content=\"fr_FR\" \/>\n<meta property=\"og:type\" content=\"article\" \/>\n<meta property=\"og:title\" content=\"L&#039;Or des Pierres - Domaine des Jos\u00e9phins\" \/>\n<meta property=\"og:description\" content=\"Nos Chardonnays qui composent cette cuv\u00e9e sont r\u00e9partis sur trois parcelles aux sols et orientations diff\u00e9rentes afin de pouvoir r\u00e9unir toute la palette d&rsquo;ar\u00f4mes de ce c\u00e9page. Notre mode de [&hellip;]\" \/>\n<meta property=\"og:url\" content=\"https:\/\/domainedesjosephins.com\/josephin\/index.php\/lor-des-pierres\/\" \/>\n<meta property=\"og:site_name\" content=\"Domaine des Jos\u00e9phins\" \/>\n<meta property=\"article:publisher\" content=\"https:\/\/www.facebook.com\/profile.php?id=100054597872414\" \/>\n<meta property=\"article:modified_time\" content=\"2020-07-06T19:42:20+00:00\" \/>\n<meta name=\"twitter:card\" content=\"summary_large_image\" \/>\n<meta name=\"twitter:label1\" content=\"Dur\u00e9e de lecture estim\u00e9e\" \/>\n\t<meta name=\"twitter:data1\" content=\"1 minute\" \/>\n<script type=\"application\/ld+json\" class=\"yoast-schema-graph\">{\"@context\":\"https:\/\/schema.org\",\"@graph\":[{\"@type\":\"WebPage\",\"@id\":\"https:\/\/domainedesjosephins.com\/josephin\/index.php\/lor-des-pierres\/\",\"url\":\"https:\/\/domainedesjosephins.com\/josephin\/index.php\/lor-des-pierres\/\",\"name\":\"L'Or des Pierres - Domaine des Jos\u00e9phins\",\"isPartOf\":{\"@id\":\"https:\/\/domainedesjosephins.com\/josephin\/#website\"},\"datePublished\":\"2018-10-18T20:44:40+00:00\",\"dateModified\":\"2020-07-06T19:42:20+00:00\",\"breadcrumb\":{\"@id\":\"https:\/\/domainedesjosephins.com\/josephin\/index.php\/lor-des-pierres\/#breadcrumb\"},\"inLanguage\":\"fr-FR\",\"potentialAction\":[{\"@type\":\"ReadAction\",\"target\":[\"https:\/\/domainedesjosephins.com\/josephin\/index.php\/lor-des-pierres\/\"]}]},{\"@type\":\"BreadcrumbList\",\"@id\":\"https:\/\/domainedesjosephins.com\/josephin\/index.php\/lor-des-pierres\/#breadcrumb\",\"itemListElement\":[{\"@type\":\"ListItem\",\"position\":1,\"name\":\"Accueil\",\"item\":\"https:\/\/domainedesjosephins.com\/josephin\/\"},{\"@type\":\"ListItem\",\"position\":2,\"name\":\"L&rsquo;Or des Pierres\"}]},{\"@type\":\"WebSite\",\"@id\":\"https:\/\/domainedesjosephins.com\/josephin\/#website\",\"url\":\"https:\/\/domainedesjosephins.com\/josephin\/\",\"name\":\"Domaine des Jos\u00e9phins\",\"description\":\"&quot;Du Beaujolais, mais pas que...&quot;\",\"publisher\":{\"@id\":\"https:\/\/domainedesjosephins.com\/josephin\/#organization\"},\"potentialAction\":[{\"@type\":\"SearchAction\",\"target\":{\"@type\":\"EntryPoint\",\"urlTemplate\":\"https:\/\/domainedesjosephins.com\/josephin\/?s={search_term_string}\"},\"query-input\":{\"@type\":\"PropertyValueSpecification\",\"valueRequired\":true,\"valueName\":\"search_term_string\"}}],\"inLanguage\":\"fr-FR\"},{\"@type\":\"Organization\",\"@id\":\"https:\/\/domainedesjosephins.com\/josephin\/#organization\",\"name\":\"Domaine des Jos\u00e9phins\",\"url\":\"https:\/\/domainedesjosephins.com\/josephin\/\",\"logo\":{\"@type\":\"ImageObject\",\"inLanguage\":\"fr-FR\",\"@id\":\"https:\/\/domainedesjosephins.com\/josephin\/#\/schema\/logo\/image\/\",\"url\":\"https:\/\/domainedesjosephins.com\/josephin\/wp-content\/uploads\/2018\/10\/cropped-en-tete-site-internet-1.jpg\",\"contentUrl\":\"https:\/\/domainedesjosephins.com\/josephin\/wp-content\/uploads\/2018\/10\/cropped-en-tete-site-internet-1.jpg\",\"width\":1300,\"height\":500,\"caption\":\"Domaine des Jos\u00e9phins\"},\"image\":{\"@id\":\"https:\/\/domainedesjosephins.com\/josephin\/#\/schema\/logo\/image\/\"},\"sameAs\":[\"https:\/\/www.facebook.com\/profile.php?id=100054597872414\"]}]}<\/script>\n<!-- \/ Yoast SEO plugin. -->","yoast_head_json":{"title":"L'Or des Pierres - Domaine des Jos\u00e9phins","robots":{"index":"index","follow":"follow","max-snippet":"max-snippet:-1","max-image-preview":"max-image-preview:large","max-video-preview":"max-video-preview:-1"},"canonical":"https:\/\/domainedesjosephins.com\/josephin\/index.php\/lor-des-pierres\/","og_locale":"fr_FR","og_type":"article","og_title":"L'Or des Pierres - Domaine des Jos\u00e9phins","og_description":"Nos Chardonnays qui composent cette cuv\u00e9e sont r\u00e9partis sur trois parcelles aux sols et orientations diff\u00e9rentes afin de pouvoir r\u00e9unir toute la palette d&rsquo;ar\u00f4mes de ce c\u00e9page. Notre mode de [&hellip;]","og_url":"https:\/\/domainedesjosephins.com\/josephin\/index.php\/lor-des-pierres\/","og_site_name":"Domaine des Jos\u00e9phins","article_publisher":"https:\/\/www.facebook.com\/profile.php?id=100054597872414","article_modified_time":"2020-07-06T19:42:20+00:00","twitter_card":"summary_large_image","twitter_misc":{"Dur\u00e9e de lecture estim\u00e9e":"1 minute"},"schema":{"@context":"https:\/\/schema.org","@graph":[{"@type":"WebPage","@id":"https:\/\/domainedesjosephins.com\/josephin\/index.php\/lor-des-pierres\/","url":"https:\/\/domainedesjosephins.com\/josephin\/index.php\/lor-des-pierres\/","name":"L'Or des Pierres - Domaine des Jos\u00e9phins","isPartOf":{"@id":"https:\/\/domainedesjosephins.com\/josephin\/#website"},"datePublished":"2018-10-18T20:44:40+00:00","dateModified":"2020-07-06T19:42:20+00:00","breadcrumb":{"@id":"https:\/\/domainedesjosephins.com\/josephin\/index.php\/lor-des-pierres\/#breadcrumb"},"inLanguage":"fr-FR","potentialAction":[{"@type":"ReadAction","target":["https:\/\/domainedesjosephins.com\/josephin\/index.php\/lor-des-pierres\/"]}]},{"@type":"BreadcrumbList","@id":"https:\/\/domainedesjosephins.com\/josephin\/index.php\/lor-des-pierres\/#breadcrumb","itemListElement":[{"@type":"ListItem","position":1,"name":"Accueil","item":"https:\/\/domainedesjosephins.com\/josephin\/"},{"@type":"ListItem","position":2,"name":"L&rsquo;Or des Pierres"}]},{"@type":"WebSite","@id":"https:\/\/domainedesjosephins.com\/josephin\/#website","url":"https:\/\/domainedesjosephins.com\/josephin\/","name":"Domaine des Jos\u00e9phins","description":"&quot;Du Beaujolais, mais pas que...&quot;","publisher":{"@id":"https:\/\/domainedesjosephins.com\/josephin\/#organization"},"potentialAction":[{"@type":"SearchAction","target":{"@type":"EntryPoint","urlTemplate":"https:\/\/domainedesjosephins.com\/josephin\/?s={search_term_string}"},"query-input":{"@type":"PropertyValueSpecification","valueRequired":true,"valueName":"search_term_string"}}],"inLanguage":"fr-FR"},{"@type":"Organization","@id":"https:\/\/domainedesjosephins.com\/josephin\/#organization","name":"Domaine des Jos\u00e9phins","url":"https:\/\/domainedesjosephins.com\/josephin\/","logo":{"@type":"ImageObject","inLanguage":"fr-FR","@id":"https:\/\/domainedesjosephins.com\/josephin\/#\/schema\/logo\/image\/","url":"https:\/\/domainedesjosephins.com\/josephin\/wp-content\/uploads\/2018\/10\/cropped-en-tete-site-internet-1.jpg","contentUrl":"https:\/\/domainedesjosephins.com\/josephin\/wp-content\/uploads\/2018\/10\/cropped-en-tete-site-internet-1.jpg","width":1300,"height":500,"caption":"Domaine des Jos\u00e9phins"},"image":{"@id":"https:\/\/domainedesjosephins.com\/josephin\/#\/schema\/logo\/image\/"},"sameAs":["https:\/\/www.facebook.com\/profile.php?id=100054597872414"]}]}},"jetpack_sharing_enabled":true,"_links":{"self":[{"href":"https:\/\/domainedesjosephins.com\/josephin\/index.php\/wp-json\/wp\/v2\/pages\/153","targetHints":{"allow":["GET"]}}],"collection":[{"href":"https:\/\/domainedesjosephins.com\/josephin\/index.php\/wp-json\/wp\/v2\/pages"}],"about":[{"href":"https:\/\/domainedesjosephins.com\/josephin\/index.php\/wp-json\/wp\/v2\/types\/page"}],"author":[{"embeddable":true,"href":"https:\/\/domainedesjosephins.com\/josephin\/index.php\/wp-json\/wp\/v2\/users\/1"}],"replies":[{"embeddable":true,"href":"https:\/\/domainedesjosephins.com\/josephin\/index.php\/wp-json\/wp\/v2\/comments?post=153"}],"version-history":[{"count":16,"href":"https:\/\/domainedesjosephins.com\/josephin\/index.php\/wp-json\/wp\/v2\/pages\/153\/revisions"}],"predecessor-version":[{"id":1042,"href":"https:\/\/domainedesjosephins.com\/josephin\/index.php\/wp-json\/wp\/v2\/pages\/153\/revisions\/1042"}],"wp:attachment":[{"href":"https:\/\/domainedesjosephins.com\/josephin\/index.php\/wp-json\/wp\/v2\/media?parent=153"}],"curies":[{"name":"wp","href":"https:\/\/api.w.org\/{rel}","templated":true}]}}