{"id":156,"date":"2018-10-18T22:45:23","date_gmt":"2018-10-18T20:45:23","guid":{"rendered":"http:\/\/domainedesjosephins.com\/josephin\/?page_id=156"},"modified":"2020-07-06T21:13:33","modified_gmt":"2020-07-06T19:13:33","slug":"beaujolais-nouveau","status":"publish","type":"page","link":"https:\/\/domainedesjosephins.com\/josephin\/index.php\/beaujolais-nouveau\/","title":{"rendered":"Beaujolais Nouveau"},"content":{"rendered":"<p><img loading=\"lazy\" decoding=\"async\" class=\"size-medium wp-image-282 alignleft\" src=\"http:\/\/domainedesjosephins.com\/josephin\/wp-content\/uploads\/2018\/10\/Beaujolais-nouveau-140x300.jpg\" alt=\"\" width=\"350\" height=\"750\" srcset=\"https:\/\/domainedesjosephins.com\/josephin\/wp-content\/uploads\/2018\/10\/Beaujolais-nouveau-140x300.jpg 140w, https:\/\/domainedesjosephins.com\/josephin\/wp-content\/uploads\/2018\/10\/Beaujolais-nouveau-300x643.jpg 300w, https:\/\/domainedesjosephins.com\/josephin\/wp-content\/uploads\/2018\/10\/Beaujolais-nouveau-600x1286.jpg 600w, https:\/\/domainedesjosephins.com\/josephin\/wp-content\/uploads\/2018\/10\/Beaujolais-nouveau-768x1646.jpg 768w, https:\/\/domainedesjosephins.com\/josephin\/wp-content\/uploads\/2018\/10\/Beaujolais-nouveau-478x1024.jpg 478w, https:\/\/domainedesjosephins.com\/josephin\/wp-content\/uploads\/2018\/10\/Beaujolais-nouveau.jpg 1400w\" sizes=\"(max-width: 350px) 100vw, 350px\" \/><br \/>\nVin primeur par excellence, il vous s\u00e9duira cette ann\u00e9e par ses ar\u00f4mes de bonbons anglais et de fruits rouges frais.<\/p>\n<p>A d\u00e9guster tout de suite ou dans les deux ans \u00e0 venir, vous trouverez toujours une occasion pour ouvrir une bouteille de ce mill\u00e9sime.<\/p>\n","protected":false},"excerpt":{"rendered":"<p>Vin primeur par excellence, il vous s\u00e9duira cette ann\u00e9e par ses ar\u00f4mes de bonbons anglais et de fruits rouges frais. A d\u00e9guster tout de suite ou dans les deux ans [&hellip;]<\/p>\n","protected":false},"author":1,"featured_media":0,"parent":0,"menu_order":0,"comment_status":"open","ping_status":"open","template":"","meta":{"_et_pb_use_builder":"","_et_pb_old_content":"","_et_gb_content_width":"","footnotes":""},"class_list":["post-156","page","type-page","status-publish","hentry"],"yoast_head":"<!-- This site is optimized with the Yoast SEO plugin v23.8 - https:\/\/yoast.com\/wordpress\/plugins\/seo\/ -->\n<title>Beaujolais Nouveau - Domaine des Jos\u00e9phins<\/title>\n<meta name=\"robots\" content=\"index, follow, max-snippet:-1, max-image-preview:large, max-video-preview:-1\" \/>\n<link rel=\"canonical\" href=\"https:\/\/domainedesjosephins.com\/josephin\/index.php\/beaujolais-nouveau\/\" \/>\n<meta property=\"og:locale\" content=\"fr_FR\" \/>\n<meta property=\"og:type\" content=\"article\" \/>\n<meta property=\"og:title\" content=\"Beaujolais Nouveau - Domaine des Jos\u00e9phins\" \/>\n<meta property=\"og:description\" content=\"Vin primeur par excellence, il vous s\u00e9duira cette ann\u00e9e par ses ar\u00f4mes de bonbons anglais et de fruits rouges frais. A d\u00e9guster tout de suite ou dans les deux ans [&hellip;]\" \/>\n<meta property=\"og:url\" content=\"https:\/\/domainedesjosephins.com\/josephin\/index.php\/beaujolais-nouveau\/\" \/>\n<meta property=\"og:site_name\" content=\"Domaine des Jos\u00e9phins\" \/>\n<meta property=\"article:publisher\" content=\"https:\/\/www.facebook.com\/profile.php?id=100054597872414\" \/>\n<meta property=\"article:modified_time\" content=\"2020-07-06T19:13:33+00:00\" \/>\n<meta property=\"og:image\" content=\"http:\/\/domainedesjosephins.com\/josephin\/wp-content\/uploads\/2018\/10\/Beaujolais-nouveau-140x300.jpg\" \/>\n<meta name=\"twitter:card\" content=\"summary_large_image\" \/>\n<script type=\"application\/ld+json\" class=\"yoast-schema-graph\">{\"@context\":\"https:\/\/schema.org\",\"@graph\":[{\"@type\":\"WebPage\",\"@id\":\"https:\/\/domainedesjosephins.com\/josephin\/index.php\/beaujolais-nouveau\/\",\"url\":\"https:\/\/domainedesjosephins.com\/josephin\/index.php\/beaujolais-nouveau\/\",\"name\":\"Beaujolais Nouveau - Domaine des Jos\u00e9phins\",\"isPartOf\":{\"@id\":\"https:\/\/domainedesjosephins.com\/josephin\/#website\"},\"primaryImageOfPage\":{\"@id\":\"https:\/\/domainedesjosephins.com\/josephin\/index.php\/beaujolais-nouveau\/#primaryimage\"},\"image\":{\"@id\":\"https:\/\/domainedesjosephins.com\/josephin\/index.php\/beaujolais-nouveau\/#primaryimage\"},\"thumbnailUrl\":\"http:\/\/domainedesjosephins.com\/josephin\/wp-content\/uploads\/2018\/10\/Beaujolais-nouveau-140x300.jpg\",\"datePublished\":\"2018-10-18T20:45:23+00:00\",\"dateModified\":\"2020-07-06T19:13:33+00:00\",\"breadcrumb\":{\"@id\":\"https:\/\/domainedesjosephins.com\/josephin\/index.php\/beaujolais-nouveau\/#breadcrumb\"},\"inLanguage\":\"fr-FR\",\"potentialAction\":[{\"@type\":\"ReadAction\",\"target\":[\"https:\/\/domainedesjosephins.com\/josephin\/index.php\/beaujolais-nouveau\/\"]}]},{\"@type\":\"ImageObject\",\"inLanguage\":\"fr-FR\",\"@id\":\"https:\/\/domainedesjosephins.com\/josephin\/index.php\/beaujolais-nouveau\/#primaryimage\",\"url\":\"https:\/\/domainedesjosephins.com\/josephin\/wp-content\/uploads\/2018\/10\/Beaujolais-nouveau.jpg\",\"contentUrl\":\"https:\/\/domainedesjosephins.com\/josephin\/wp-content\/uploads\/2018\/10\/Beaujolais-nouveau.jpg\",\"width\":1400,\"height\":3000},{\"@type\":\"BreadcrumbList\",\"@id\":\"https:\/\/domainedesjosephins.com\/josephin\/index.php\/beaujolais-nouveau\/#breadcrumb\",\"itemListElement\":[{\"@type\":\"ListItem\",\"position\":1,\"name\":\"Accueil\",\"item\":\"https:\/\/domainedesjosephins.com\/josephin\/\"},{\"@type\":\"ListItem\",\"position\":2,\"name\":\"Beaujolais Nouveau\"}]},{\"@type\":\"WebSite\",\"@id\":\"https:\/\/domainedesjosephins.com\/josephin\/#website\",\"url\":\"https:\/\/domainedesjosephins.com\/josephin\/\",\"name\":\"Domaine des Jos\u00e9phins\",\"description\":\"&quot;Du Beaujolais, mais pas que...&quot;\",\"publisher\":{\"@id\":\"https:\/\/domainedesjosephins.com\/josephin\/#organization\"},\"potentialAction\":[{\"@type\":\"SearchAction\",\"target\":{\"@type\":\"EntryPoint\",\"urlTemplate\":\"https:\/\/domainedesjosephins.com\/josephin\/?s={search_term_string}\"},\"query-input\":{\"@type\":\"PropertyValueSpecification\",\"valueRequired\":true,\"valueName\":\"search_term_string\"}}],\"inLanguage\":\"fr-FR\"},{\"@type\":\"Organization\",\"@id\":\"https:\/\/domainedesjosephins.com\/josephin\/#organization\",\"name\":\"Domaine des Jos\u00e9phins\",\"url\":\"https:\/\/domainedesjosephins.com\/josephin\/\",\"logo\":{\"@type\":\"ImageObject\",\"inLanguage\":\"fr-FR\",\"@id\":\"https:\/\/domainedesjosephins.com\/josephin\/#\/schema\/logo\/image\/\",\"url\":\"https:\/\/domainedesjosephins.com\/josephin\/wp-content\/uploads\/2018\/10\/cropped-en-tete-site-internet-1.jpg\",\"contentUrl\":\"https:\/\/domainedesjosephins.com\/josephin\/wp-content\/uploads\/2018\/10\/cropped-en-tete-site-internet-1.jpg\",\"width\":1300,\"height\":500,\"caption\":\"Domaine des Jos\u00e9phins\"},\"image\":{\"@id\":\"https:\/\/domainedesjosephins.com\/josephin\/#\/schema\/logo\/image\/\"},\"sameAs\":[\"https:\/\/www.facebook.com\/profile.php?id=100054597872414\"]}]}<\/script>\n<!-- \/ Yoast SEO plugin. -->","yoast_head_json":{"title":"Beaujolais Nouveau - Domaine des Jos\u00e9phins","robots":{"index":"index","follow":"follow","max-snippet":"max-snippet:-1","max-image-preview":"max-image-preview:large","max-video-preview":"max-video-preview:-1"},"canonical":"https:\/\/domainedesjosephins.com\/josephin\/index.php\/beaujolais-nouveau\/","og_locale":"fr_FR","og_type":"article","og_title":"Beaujolais Nouveau - Domaine des Jos\u00e9phins","og_description":"Vin primeur par excellence, il vous s\u00e9duira cette ann\u00e9e par ses ar\u00f4mes de bonbons anglais et de fruits rouges frais. A d\u00e9guster tout de suite ou dans les deux ans [&hellip;]","og_url":"https:\/\/domainedesjosephins.com\/josephin\/index.php\/beaujolais-nouveau\/","og_site_name":"Domaine des Jos\u00e9phins","article_publisher":"https:\/\/www.facebook.com\/profile.php?id=100054597872414","article_modified_time":"2020-07-06T19:13:33+00:00","og_image":[{"url":"http:\/\/domainedesjosephins.com\/josephin\/wp-content\/uploads\/2018\/10\/Beaujolais-nouveau-140x300.jpg"}],"twitter_card":"summary_large_image","schema":{"@context":"https:\/\/schema.org","@graph":[{"@type":"WebPage","@id":"https:\/\/domainedesjosephins.com\/josephin\/index.php\/beaujolais-nouveau\/","url":"https:\/\/domainedesjosephins.com\/josephin\/index.php\/beaujolais-nouveau\/","name":"Beaujolais Nouveau - Domaine des Jos\u00e9phins","isPartOf":{"@id":"https:\/\/domainedesjosephins.com\/josephin\/#website"},"primaryImageOfPage":{"@id":"https:\/\/domainedesjosephins.com\/josephin\/index.php\/beaujolais-nouveau\/#primaryimage"},"image":{"@id":"https:\/\/domainedesjosephins.com\/josephin\/index.php\/beaujolais-nouveau\/#primaryimage"},"thumbnailUrl":"http:\/\/domainedesjosephins.com\/josephin\/wp-content\/uploads\/2018\/10\/Beaujolais-nouveau-140x300.jpg","datePublished":"2018-10-18T20:45:23+00:00","dateModified":"2020-07-06T19:13:33+00:00","breadcrumb":{"@id":"https:\/\/domainedesjosephins.com\/josephin\/index.php\/beaujolais-nouveau\/#breadcrumb"},"inLanguage":"fr-FR","potentialAction":[{"@type":"ReadAction","target":["https:\/\/domainedesjosephins.com\/josephin\/index.php\/beaujolais-nouveau\/"]}]},{"@type":"ImageObject","inLanguage":"fr-FR","@id":"https:\/\/domainedesjosephins.com\/josephin\/index.php\/beaujolais-nouveau\/#primaryimage","url":"https:\/\/domainedesjosephins.com\/josephin\/wp-content\/uploads\/2018\/10\/Beaujolais-nouveau.jpg","contentUrl":"https:\/\/domainedesjosephins.com\/josephin\/wp-content\/uploads\/2018\/10\/Beaujolais-nouveau.jpg","width":1400,"height":3000},{"@type":"BreadcrumbList","@id":"https:\/\/domainedesjosephins.com\/josephin\/index.php\/beaujolais-nouveau\/#breadcrumb","itemListElement":[{"@type":"ListItem","position":1,"name":"Accueil","item":"https:\/\/domainedesjosephins.com\/josephin\/"},{"@type":"ListItem","position":2,"name":"Beaujolais Nouveau"}]},{"@type":"WebSite","@id":"https:\/\/domainedesjosephins.com\/josephin\/#website","url":"https:\/\/domainedesjosephins.com\/josephin\/","name":"Domaine des Jos\u00e9phins","description":"&quot;Du Beaujolais, mais pas que...&quot;","publisher":{"@id":"https:\/\/domainedesjosephins.com\/josephin\/#organization"},"potentialAction":[{"@type":"SearchAction","target":{"@type":"EntryPoint","urlTemplate":"https:\/\/domainedesjosephins.com\/josephin\/?s={search_term_string}"},"query-input":{"@type":"PropertyValueSpecification","valueRequired":true,"valueName":"search_term_string"}}],"inLanguage":"fr-FR"},{"@type":"Organization","@id":"https:\/\/domainedesjosephins.com\/josephin\/#organization","name":"Domaine des Jos\u00e9phins","url":"https:\/\/domainedesjosephins.com\/josephin\/","logo":{"@type":"ImageObject","inLanguage":"fr-FR","@id":"https:\/\/domainedesjosephins.com\/josephin\/#\/schema\/logo\/image\/","url":"https:\/\/domainedesjosephins.com\/josephin\/wp-content\/uploads\/2018\/10\/cropped-en-tete-site-internet-1.jpg","contentUrl":"https:\/\/domainedesjosephins.com\/josephin\/wp-content\/uploads\/2018\/10\/cropped-en-tete-site-internet-1.jpg","width":1300,"height":500,"caption":"Domaine des Jos\u00e9phins"},"image":{"@id":"https:\/\/domainedesjosephins.com\/josephin\/#\/schema\/logo\/image\/"},"sameAs":["https:\/\/www.facebook.com\/profile.php?id=100054597872414"]}]}},"jetpack_sharing_enabled":true,"_links":{"self":[{"href":"https:\/\/domainedesjosephins.com\/josephin\/index.php\/wp-json\/wp\/v2\/pages\/156","targetHints":{"allow":["GET"]}}],"collection":[{"href":"https:\/\/domainedesjosephins.com\/josephin\/index.php\/wp-json\/wp\/v2\/pages"}],"about":[{"href":"https:\/\/domainedesjosephins.com\/josephin\/index.php\/wp-json\/wp\/v2\/types\/page"}],"author":[{"embeddable":true,"href":"https:\/\/domainedesjosephins.com\/josephin\/index.php\/wp-json\/wp\/v2\/users\/1"}],"replies":[{"embeddable":true,"href":"https:\/\/domainedesjosephins.com\/josephin\/index.php\/wp-json\/wp\/v2\/comments?post=156"}],"version-history":[{"count":8,"href":"https:\/\/domainedesjosephins.com\/josephin\/index.php\/wp-json\/wp\/v2\/pages\/156\/revisions"}],"predecessor-version":[{"id":1035,"href":"https:\/\/domainedesjosephins.com\/josephin\/index.php\/wp-json\/wp\/v2\/pages\/156\/revisions\/1035"}],"wp:attachment":[{"href":"https:\/\/domainedesjosephins.com\/josephin\/index.php\/wp-json\/wp\/v2\/media?parent=156"}],"curies":[{"name":"wp","href":"https:\/\/api.w.org\/{rel}","templated":true}]}}