{"id":86,"date":"2018-10-14T22:44:09","date_gmt":"2018-10-14T20:44:09","guid":{"rendered":"http:\/\/domainedesjosephins.com\/josephin\/?page_id=86"},"modified":"2022-03-17T23:03:20","modified_gmt":"2022-03-17T22:03:20","slug":"notre-domaine","status":"publish","type":"page","link":"https:\/\/domainedesjosephins.com\/josephin\/index.php\/notre-domaine\/","title":{"rendered":"Notre domaine"},"content":{"rendered":"<p style=\"text-align: left;\">Le Domaine des Jos\u00e9phins a \u00e9t\u00e9 cr\u00e9\u00e9 en 1979 par l&rsquo;agrandissement du domaine familial de Jos\u00e9phine Presle avec celui de Joseph Remilleux.G\u00e9rard Presle d\u00e9cide \u00e0 ce moment de concentrer toute son \u00e9nergie sur sa passion, la vigne et le vin. L&rsquo;exploitation de l&rsquo;\u00e9poque, comme beaucoup alors, outre la vigne, cultivait cerises, c\u00e9r\u00e9ales et \u00e9levait des bovins. Il c\u00e8de donc ces activit\u00e9s et en profite pour acqu\u00e9rir des vignes suppl\u00e9mentaires sur la commune de Lucenay.<!--more--><\/p>\n<p style=\"text-align: left;\">Si la crise viticole a \u00e9t\u00e9 dramatique, elle a eu pour avantage de lib\u00e9rer un nombre tel de parcelles de vignes qu&rsquo;il a pu choisir les meilleurs terroirs afin d&rsquo;optimiser son vignoble.<\/p>\n<p style=\"text-align: left;\">Afin de passer les ann\u00e9es difficiles, ne comptant ni ses heures ni son tracas, profitant des rares moments disponibles pour d\u00e9fendre la viticulture Beaujolaise, G\u00e9rard Presle s&rsquo;occupe seul de ses 25 hectares de vigne r\u00e9parties sur une vingtaine de parcelles et elles-m\u00eames implant\u00e9 sur 4 communes que comprend Marcy, Lucenay, Alix et Anse.<\/p>\n<p style=\"text-align: left;\">Depuis sa cr\u00e9ation, la mise en valeur du domaine et de ses diff\u00e9rents terroirs est une pr\u00e9occupation permanente. Mieux vous servir, prot\u00e9ger nos terroirs et \u00e9laborer des vins digne d&rsquo;artisans vignerons aussi passionn\u00e9s dans les vignes qu&rsquo;en cave est notre leit-motiv. L&rsquo;ensemble du vignoble est conduit en agriculture raisonnable et responsable, le label Terra Vitis <a href=\"http:\/\/terravitis.com\/presentation\/\"><img loading=\"lazy\" decoding=\"async\" class=\"\" src=\"http:\/\/domainedesjosephins.com\/josephin\/wp-content\/uploads\/2018\/10\/Logo_Terra_Vitis13426.jpg\" usemap=\"#map\" width=\"58\" height=\"25\" border=\"0\" \/><\/a>, pr\u00e9sent sur chacune de nos bouteilles est un gage de notre travail plus respectueux de l&rsquo;environnement. Le certificat de Haute Valeur Environnementale (HVE3) vient compl\u00e9ter cette d\u00e9marche \u00e9co-responsable. Toutes les parcelles sont enherb\u00e9es malgr\u00e9 des sols parfois tr\u00e8s caillouteux. Les racines de la vigne, face \u00e0 cette concurrence naturelle, doivent descendre dans les sous-sols puiser les \u00e9l\u00e9ments n\u00e9c\u00e9ssaires \u00e0 l&rsquo;expression de la typicit\u00e9 de nos vins.<br \/>\nTous les produits li\u00e9s \u00e0 l&rsquo;entretien de la vigne et la quantit\u00e9 utilis\u00e9e sont r\u00e9glement\u00e9s et constamment contr\u00f4l\u00e9s.<br \/>\nIl en est de m\u00eame pour le souffre ajout\u00e9 dans nos vins, les fameux sulfites, ces dernier utilis\u00e9s \u00e0 des fins de stabilisation permettent que le vin ne tourne pas lors de sa conservation. Ceux-ci sont contr\u00f4l\u00e9s au gramme pr\u00e8s et ne nous sont autoris\u00e9 qu&rsquo;en infime quantit\u00e9 contrairement aux m\u00e9thode conventionnelles ou encore \u00e0 l&rsquo;Agriculture Biologique.<\/p>\n<p style=\"text-align: left;\">Chacun des terroirs fait l&rsquo;objet d&rsquo;une vinification personnalis\u00e9e afin de pr\u00e9server leurs caract\u00e8res pour vous conduire \u00e0 la d\u00e9couverte de toutes leurs subtilit\u00e9s.<\/p>\n<p>Parmi les parcelles les plus importantes, on peut retrouver :<\/p>\n<p style=\"text-align: left;\">CHAMPS FLEURIS\u00a0: sur ce coteau expos\u00e9 \u00e0 l&rsquo;est, les silex pr\u00e9dominent et conf\u00e8rent \u00e0 ce vin des ar\u00f4mes complexes et des notes soyeuses agr\u00e9ables au palais.<\/p>\n<p style=\"text-align: left;\">CHAMPS D\u00c9LICIEUX\u00a0: Ce lieu-dit au nom r\u00e9v\u00e9lateur au sol argilo-calcaire nous guide dans un registre de vins plus color\u00e9s, plus toniques, avec un bon potentiel de vieillissement.<\/p>\n<p style=\"text-align: left;\">LES VARAINES\u00a0: sur ce coteau, r\u00e9cemment r\u00e9habilit\u00e9, viennent s&rsquo;entrem\u00ealer sols argilo-calcaires et bancs de silex. L\u00e0, la nature r\u00e9alise le mariage parfait entre les notes fruit\u00e9es et le c\u00f4t\u00e9 charnu d&rsquo;un vin de garde.<\/p>\n<p style=\"text-align: left;\">\n","protected":false},"excerpt":{"rendered":"<p>Le Domaine des Jos\u00e9phins a \u00e9t\u00e9 cr\u00e9\u00e9 en 1979 par l&rsquo;agrandissement du domaine familial de Jos\u00e9phine Presle avec celui de Joseph Remilleux.G\u00e9rard Presle d\u00e9cide \u00e0 ce moment de concentrer toute [&hellip;]<\/p>\n","protected":false},"author":1,"featured_media":0,"parent":0,"menu_order":0,"comment_status":"open","ping_status":"open","template":"","meta":{"_et_pb_use_builder":"","_et_pb_old_content":"","_et_gb_content_width":"","footnotes":""},"class_list":["post-86","page","type-page","status-publish","hentry"],"yoast_head":"<!-- This site is optimized with the Yoast SEO plugin v23.8 - https:\/\/yoast.com\/wordpress\/plugins\/seo\/ -->\n<title>Notre domaine - Domaine des Jos\u00e9phins<\/title>\n<meta name=\"robots\" content=\"index, follow, max-snippet:-1, max-image-preview:large, max-video-preview:-1\" \/>\n<link rel=\"canonical\" href=\"https:\/\/domainedesjosephins.com\/josephin\/index.php\/notre-domaine\/\" \/>\n<meta property=\"og:locale\" content=\"fr_FR\" \/>\n<meta property=\"og:type\" content=\"article\" \/>\n<meta property=\"og:title\" content=\"Notre domaine - Domaine des Jos\u00e9phins\" \/>\n<meta property=\"og:description\" content=\"Le Domaine des Jos\u00e9phins a \u00e9t\u00e9 cr\u00e9\u00e9 en 1979 par l&rsquo;agrandissement du domaine familial de Jos\u00e9phine Presle avec celui de Joseph Remilleux.G\u00e9rard Presle d\u00e9cide \u00e0 ce moment de concentrer toute [&hellip;]\" \/>\n<meta property=\"og:url\" content=\"https:\/\/domainedesjosephins.com\/josephin\/index.php\/notre-domaine\/\" \/>\n<meta property=\"og:site_name\" content=\"Domaine des Jos\u00e9phins\" \/>\n<meta property=\"article:publisher\" content=\"https:\/\/www.facebook.com\/profile.php?id=100054597872414\" \/>\n<meta property=\"article:modified_time\" content=\"2022-03-17T22:03:20+00:00\" \/>\n<meta property=\"og:image\" content=\"http:\/\/domainedesjosephins.com\/josephin\/wp-content\/uploads\/2018\/10\/Logo_Terra_Vitis13426.jpg\" \/>\n<meta name=\"twitter:card\" content=\"summary_large_image\" \/>\n<meta name=\"twitter:label1\" content=\"Dur\u00e9e de lecture estim\u00e9e\" \/>\n\t<meta name=\"twitter:data1\" content=\"3 minutes\" \/>\n<script type=\"application\/ld+json\" class=\"yoast-schema-graph\">{\"@context\":\"https:\/\/schema.org\",\"@graph\":[{\"@type\":\"WebPage\",\"@id\":\"https:\/\/domainedesjosephins.com\/josephin\/index.php\/notre-domaine\/\",\"url\":\"https:\/\/domainedesjosephins.com\/josephin\/index.php\/notre-domaine\/\",\"name\":\"Notre domaine - Domaine des Jos\u00e9phins\",\"isPartOf\":{\"@id\":\"https:\/\/domainedesjosephins.com\/josephin\/#website\"},\"primaryImageOfPage\":{\"@id\":\"https:\/\/domainedesjosephins.com\/josephin\/index.php\/notre-domaine\/#primaryimage\"},\"image\":{\"@id\":\"https:\/\/domainedesjosephins.com\/josephin\/index.php\/notre-domaine\/#primaryimage\"},\"thumbnailUrl\":\"http:\/\/domainedesjosephins.com\/josephin\/wp-content\/uploads\/2018\/10\/Logo_Terra_Vitis13426.jpg\",\"datePublished\":\"2018-10-14T20:44:09+00:00\",\"dateModified\":\"2022-03-17T22:03:20+00:00\",\"breadcrumb\":{\"@id\":\"https:\/\/domainedesjosephins.com\/josephin\/index.php\/notre-domaine\/#breadcrumb\"},\"inLanguage\":\"fr-FR\",\"potentialAction\":[{\"@type\":\"ReadAction\",\"target\":[\"https:\/\/domainedesjosephins.com\/josephin\/index.php\/notre-domaine\/\"]}]},{\"@type\":\"ImageObject\",\"inLanguage\":\"fr-FR\",\"@id\":\"https:\/\/domainedesjosephins.com\/josephin\/index.php\/notre-domaine\/#primaryimage\",\"url\":\"https:\/\/domainedesjosephins.com\/josephin\/wp-content\/uploads\/2018\/10\/Logo_Terra_Vitis13426.jpg\",\"contentUrl\":\"https:\/\/domainedesjosephins.com\/josephin\/wp-content\/uploads\/2018\/10\/Logo_Terra_Vitis13426.jpg\",\"width\":1427,\"height\":615},{\"@type\":\"BreadcrumbList\",\"@id\":\"https:\/\/domainedesjosephins.com\/josephin\/index.php\/notre-domaine\/#breadcrumb\",\"itemListElement\":[{\"@type\":\"ListItem\",\"position\":1,\"name\":\"Accueil\",\"item\":\"https:\/\/domainedesjosephins.com\/josephin\/\"},{\"@type\":\"ListItem\",\"position\":2,\"name\":\"Notre domaine\"}]},{\"@type\":\"WebSite\",\"@id\":\"https:\/\/domainedesjosephins.com\/josephin\/#website\",\"url\":\"https:\/\/domainedesjosephins.com\/josephin\/\",\"name\":\"Domaine des Jos\u00e9phins\",\"description\":\"&quot;Du Beaujolais, mais pas que...&quot;\",\"publisher\":{\"@id\":\"https:\/\/domainedesjosephins.com\/josephin\/#organization\"},\"potentialAction\":[{\"@type\":\"SearchAction\",\"target\":{\"@type\":\"EntryPoint\",\"urlTemplate\":\"https:\/\/domainedesjosephins.com\/josephin\/?s={search_term_string}\"},\"query-input\":{\"@type\":\"PropertyValueSpecification\",\"valueRequired\":true,\"valueName\":\"search_term_string\"}}],\"inLanguage\":\"fr-FR\"},{\"@type\":\"Organization\",\"@id\":\"https:\/\/domainedesjosephins.com\/josephin\/#organization\",\"name\":\"Domaine des Jos\u00e9phins\",\"url\":\"https:\/\/domainedesjosephins.com\/josephin\/\",\"logo\":{\"@type\":\"ImageObject\",\"inLanguage\":\"fr-FR\",\"@id\":\"https:\/\/domainedesjosephins.com\/josephin\/#\/schema\/logo\/image\/\",\"url\":\"https:\/\/domainedesjosephins.com\/josephin\/wp-content\/uploads\/2018\/10\/cropped-en-tete-site-internet-1.jpg\",\"contentUrl\":\"https:\/\/domainedesjosephins.com\/josephin\/wp-content\/uploads\/2018\/10\/cropped-en-tete-site-internet-1.jpg\",\"width\":1300,\"height\":500,\"caption\":\"Domaine des Jos\u00e9phins\"},\"image\":{\"@id\":\"https:\/\/domainedesjosephins.com\/josephin\/#\/schema\/logo\/image\/\"},\"sameAs\":[\"https:\/\/www.facebook.com\/profile.php?id=100054597872414\"]}]}<\/script>\n<!-- \/ Yoast SEO plugin. -->","yoast_head_json":{"title":"Notre domaine - Domaine des Jos\u00e9phins","robots":{"index":"index","follow":"follow","max-snippet":"max-snippet:-1","max-image-preview":"max-image-preview:large","max-video-preview":"max-video-preview:-1"},"canonical":"https:\/\/domainedesjosephins.com\/josephin\/index.php\/notre-domaine\/","og_locale":"fr_FR","og_type":"article","og_title":"Notre domaine - Domaine des Jos\u00e9phins","og_description":"Le Domaine des Jos\u00e9phins a \u00e9t\u00e9 cr\u00e9\u00e9 en 1979 par l&rsquo;agrandissement du domaine familial de Jos\u00e9phine Presle avec celui de Joseph Remilleux.G\u00e9rard Presle d\u00e9cide \u00e0 ce moment de concentrer toute [&hellip;]","og_url":"https:\/\/domainedesjosephins.com\/josephin\/index.php\/notre-domaine\/","og_site_name":"Domaine des Jos\u00e9phins","article_publisher":"https:\/\/www.facebook.com\/profile.php?id=100054597872414","article_modified_time":"2022-03-17T22:03:20+00:00","og_image":[{"url":"http:\/\/domainedesjosephins.com\/josephin\/wp-content\/uploads\/2018\/10\/Logo_Terra_Vitis13426.jpg"}],"twitter_card":"summary_large_image","twitter_misc":{"Dur\u00e9e de lecture estim\u00e9e":"3 minutes"},"schema":{"@context":"https:\/\/schema.org","@graph":[{"@type":"WebPage","@id":"https:\/\/domainedesjosephins.com\/josephin\/index.php\/notre-domaine\/","url":"https:\/\/domainedesjosephins.com\/josephin\/index.php\/notre-domaine\/","name":"Notre domaine - Domaine des Jos\u00e9phins","isPartOf":{"@id":"https:\/\/domainedesjosephins.com\/josephin\/#website"},"primaryImageOfPage":{"@id":"https:\/\/domainedesjosephins.com\/josephin\/index.php\/notre-domaine\/#primaryimage"},"image":{"@id":"https:\/\/domainedesjosephins.com\/josephin\/index.php\/notre-domaine\/#primaryimage"},"thumbnailUrl":"http:\/\/domainedesjosephins.com\/josephin\/wp-content\/uploads\/2018\/10\/Logo_Terra_Vitis13426.jpg","datePublished":"2018-10-14T20:44:09+00:00","dateModified":"2022-03-17T22:03:20+00:00","breadcrumb":{"@id":"https:\/\/domainedesjosephins.com\/josephin\/index.php\/notre-domaine\/#breadcrumb"},"inLanguage":"fr-FR","potentialAction":[{"@type":"ReadAction","target":["https:\/\/domainedesjosephins.com\/josephin\/index.php\/notre-domaine\/"]}]},{"@type":"ImageObject","inLanguage":"fr-FR","@id":"https:\/\/domainedesjosephins.com\/josephin\/index.php\/notre-domaine\/#primaryimage","url":"https:\/\/domainedesjosephins.com\/josephin\/wp-content\/uploads\/2018\/10\/Logo_Terra_Vitis13426.jpg","contentUrl":"https:\/\/domainedesjosephins.com\/josephin\/wp-content\/uploads\/2018\/10\/Logo_Terra_Vitis13426.jpg","width":1427,"height":615},{"@type":"BreadcrumbList","@id":"https:\/\/domainedesjosephins.com\/josephin\/index.php\/notre-domaine\/#breadcrumb","itemListElement":[{"@type":"ListItem","position":1,"name":"Accueil","item":"https:\/\/domainedesjosephins.com\/josephin\/"},{"@type":"ListItem","position":2,"name":"Notre domaine"}]},{"@type":"WebSite","@id":"https:\/\/domainedesjosephins.com\/josephin\/#website","url":"https:\/\/domainedesjosephins.com\/josephin\/","name":"Domaine des Jos\u00e9phins","description":"&quot;Du Beaujolais, mais pas que...&quot;","publisher":{"@id":"https:\/\/domainedesjosephins.com\/josephin\/#organization"},"potentialAction":[{"@type":"SearchAction","target":{"@type":"EntryPoint","urlTemplate":"https:\/\/domainedesjosephins.com\/josephin\/?s={search_term_string}"},"query-input":{"@type":"PropertyValueSpecification","valueRequired":true,"valueName":"search_term_string"}}],"inLanguage":"fr-FR"},{"@type":"Organization","@id":"https:\/\/domainedesjosephins.com\/josephin\/#organization","name":"Domaine des Jos\u00e9phins","url":"https:\/\/domainedesjosephins.com\/josephin\/","logo":{"@type":"ImageObject","inLanguage":"fr-FR","@id":"https:\/\/domainedesjosephins.com\/josephin\/#\/schema\/logo\/image\/","url":"https:\/\/domainedesjosephins.com\/josephin\/wp-content\/uploads\/2018\/10\/cropped-en-tete-site-internet-1.jpg","contentUrl":"https:\/\/domainedesjosephins.com\/josephin\/wp-content\/uploads\/2018\/10\/cropped-en-tete-site-internet-1.jpg","width":1300,"height":500,"caption":"Domaine des Jos\u00e9phins"},"image":{"@id":"https:\/\/domainedesjosephins.com\/josephin\/#\/schema\/logo\/image\/"},"sameAs":["https:\/\/www.facebook.com\/profile.php?id=100054597872414"]}]}},"jetpack_sharing_enabled":true,"_links":{"self":[{"href":"https:\/\/domainedesjosephins.com\/josephin\/index.php\/wp-json\/wp\/v2\/pages\/86","targetHints":{"allow":["GET"]}}],"collection":[{"href":"https:\/\/domainedesjosephins.com\/josephin\/index.php\/wp-json\/wp\/v2\/pages"}],"about":[{"href":"https:\/\/domainedesjosephins.com\/josephin\/index.php\/wp-json\/wp\/v2\/types\/page"}],"author":[{"embeddable":true,"href":"https:\/\/domainedesjosephins.com\/josephin\/index.php\/wp-json\/wp\/v2\/users\/1"}],"replies":[{"embeddable":true,"href":"https:\/\/domainedesjosephins.com\/josephin\/index.php\/wp-json\/wp\/v2\/comments?post=86"}],"version-history":[{"count":30,"href":"https:\/\/domainedesjosephins.com\/josephin\/index.php\/wp-json\/wp\/v2\/pages\/86\/revisions"}],"predecessor-version":[{"id":1026,"href":"https:\/\/domainedesjosephins.com\/josephin\/index.php\/wp-json\/wp\/v2\/pages\/86\/revisions\/1026"}],"wp:attachment":[{"href":"https:\/\/domainedesjosephins.com\/josephin\/index.php\/wp-json\/wp\/v2\/media?parent=86"}],"curies":[{"name":"wp","href":"https:\/\/api.w.org\/{rel}","templated":true}]}}