{"id":574,"date":"2018-10-28T22:30:10","date_gmt":"2018-10-28T21:30:10","guid":{"rendered":"http:\/\/domainedesjosephins.com\/josephin\/?post_type=product&#038;p=574"},"modified":"2018-11-05T22:53:30","modified_gmt":"2018-11-05T21:53:30","slug":"lor-des-pierres","status":"publish","type":"product","link":"https:\/\/domainedesjosephins.com\/josephin\/index.php\/produit\/lor-des-pierres\/","title":{"rendered":"L\u2019Or des Pierres"},"content":{"rendered":"<p align=\"left\">Nos Chardonnays qui composent cette cuv\u00e9e sont r\u00e9partis sur trois parcelles aux sols et orientations diff\u00e9rentes afin de pouvoir r\u00e9unir toute la palette d\u2019ar\u00f4mes de ce c\u00e9page.<\/p>\n<p align=\"left\">Notre mode de culture \u00e9cologique TerraVitis permet d\u2019avoir des raisins de bonne qualit\u00e9 sans impact d\u00e9gradant sur l\u2019environnement.<\/p>\n<p align=\"left\">Vendang\u00e9s \u00e0 la main les Chardonnay sont mis en cuve quelques heures pour r\u00e9aliser un mac\u00e9ration pr\u00e9-fermentaire qui lib\u00e8re la richesse de toutes ses nuances.<\/p>\n<p align=\"left\">Apr\u00e8s pressurage, il d\u00e9marre sa fermentation en cuve avant d\u2019\u00eatre entonn\u00e9 dans des f\u00fbts de ch\u00eane bourguignons \u00e0 mi-parcours. Cette m\u00e9thode permet d\u2019affiner les ar\u00f4mes bois\u00e9s et de fondre les ar\u00f4mes pour un complexit\u00e9 plus importante.<\/p>\n<p align=\"left\">Il passe ensuite entre 6 mois et un an dans des f\u00fbts de ch\u00eane bourguignons afin de gagner sa rondeur et ses ar\u00f4mes miell\u00e9s.<\/p>\n<p align=\"left\">Le temps de garde de cette cuv\u00e9e se situe entre 2 et 5 ans dans de bonnes conditions.<\/p>\n<p align=\"left\">La temp\u00e9rature de service est id\u00e9ale entre 8 et 12\u00b0C.<\/p>\n<p align=\"left\">Ses ar\u00f4mes de miel, de vanille et de fleurs blanches en feront le compagnon id\u00e9al sur un foie gras, un plat truff\u00e9 comme un simple ap\u00e9ritif.<\/p>\n","protected":false},"excerpt":{"rendered":"<p>Nos Chardonnays qui composent cette cuv\u00e9e sont r\u00e9partis sur trois parcelles aux sols et orientations diff\u00e9rentes afin de pouvoir r\u00e9unir toute la palette d\u2019ar\u00f4mes de ce c\u00e9page. Notre mode de [&hellip;]<\/p>\n","protected":false},"featured_media":245,"comment_status":"closed","ping_status":"closed","template":"","meta":{"_et_pb_use_builder":"","_et_pb_old_content":"","_et_gb_content_width":""},"product_brand":[],"product_cat":[23,20,18],"product_tag":[],"class_list":{"0":"post-574","1":"product","2":"type-product","3":"status-publish","4":"has-post-thumbnail","6":"product_cat-appellation-beaujolais","7":"product_cat-vin","8":"product_cat-vin-blanc","10":"first","11":"instock","12":"taxable","13":"shipping-taxable","14":"product-type-grouped"},"yoast_head":"<!-- This site is optimized with the Yoast SEO plugin v23.8 - https:\/\/yoast.com\/wordpress\/plugins\/seo\/ -->\n<title>L\u2019Or des Pierres - Domaine des Jos\u00e9phins<\/title>\n<meta name=\"robots\" content=\"index, follow, max-snippet:-1, max-image-preview:large, max-video-preview:-1\" \/>\n<link rel=\"canonical\" href=\"https:\/\/domainedesjosephins.com\/josephin\/index.php\/produit\/lor-des-pierres\/\" \/>\n<meta property=\"og:locale\" content=\"fr_FR\" \/>\n<meta property=\"og:type\" content=\"article\" \/>\n<meta property=\"og:title\" content=\"L\u2019Or des Pierres - Domaine des Jos\u00e9phins\" \/>\n<meta property=\"og:description\" content=\"Nos Chardonnays qui composent cette cuv\u00e9e sont r\u00e9partis sur trois parcelles aux sols et orientations diff\u00e9rentes afin de pouvoir r\u00e9unir toute la palette d\u2019ar\u00f4mes de ce c\u00e9page. Notre mode de [&hellip;]\" \/>\n<meta property=\"og:url\" content=\"https:\/\/domainedesjosephins.com\/josephin\/index.php\/produit\/lor-des-pierres\/\" \/>\n<meta property=\"og:site_name\" content=\"Domaine des Jos\u00e9phins\" \/>\n<meta property=\"article:publisher\" content=\"https:\/\/www.facebook.com\/profile.php?id=100054597872414\" \/>\n<meta property=\"article:modified_time\" content=\"2018-11-05T21:53:30+00:00\" \/>\n<meta property=\"og:image\" content=\"https:\/\/domainedesjosephins.com\/josephin\/wp-content\/uploads\/2018\/10\/Or-des-pierres-retouch\u00e9-1400x3000-1-e1540240813894.jpg\" \/>\n\t<meta property=\"og:image:width\" content=\"1400\" \/>\n\t<meta property=\"og:image:height\" content=\"3000\" \/>\n\t<meta property=\"og:image:type\" content=\"image\/jpeg\" \/>\n<meta name=\"twitter:card\" content=\"summary_large_image\" \/>\n<meta name=\"twitter:label1\" content=\"Dur\u00e9e de lecture estim\u00e9e\" \/>\n\t<meta name=\"twitter:data1\" content=\"1 minute\" \/>\n<script type=\"application\/ld+json\" class=\"yoast-schema-graph\">{\"@context\":\"https:\/\/schema.org\",\"@graph\":[{\"@type\":\"WebPage\",\"@id\":\"https:\/\/domainedesjosephins.com\/josephin\/index.php\/produit\/lor-des-pierres\/\",\"url\":\"https:\/\/domainedesjosephins.com\/josephin\/index.php\/produit\/lor-des-pierres\/\",\"name\":\"L\u2019Or des Pierres - Domaine des Jos\u00e9phins\",\"isPartOf\":{\"@id\":\"https:\/\/domainedesjosephins.com\/josephin\/#website\"},\"primaryImageOfPage\":{\"@id\":\"https:\/\/domainedesjosephins.com\/josephin\/index.php\/produit\/lor-des-pierres\/#primaryimage\"},\"image\":{\"@id\":\"https:\/\/domainedesjosephins.com\/josephin\/index.php\/produit\/lor-des-pierres\/#primaryimage\"},\"thumbnailUrl\":\"https:\/\/domainedesjosephins.com\/josephin\/wp-content\/uploads\/2018\/10\/Or-des-pierres-retouch\u00e9-1400x3000-1-e1540240813894.jpg\",\"datePublished\":\"2018-10-28T21:30:10+00:00\",\"dateModified\":\"2018-11-05T21:53:30+00:00\",\"breadcrumb\":{\"@id\":\"https:\/\/domainedesjosephins.com\/josephin\/index.php\/produit\/lor-des-pierres\/#breadcrumb\"},\"inLanguage\":\"fr-FR\",\"potentialAction\":[{\"@type\":\"ReadAction\",\"target\":[\"https:\/\/domainedesjosephins.com\/josephin\/index.php\/produit\/lor-des-pierres\/\"]}]},{\"@type\":\"ImageObject\",\"inLanguage\":\"fr-FR\",\"@id\":\"https:\/\/domainedesjosephins.com\/josephin\/index.php\/produit\/lor-des-pierres\/#primaryimage\",\"url\":\"https:\/\/domainedesjosephins.com\/josephin\/wp-content\/uploads\/2018\/10\/Or-des-pierres-retouch\u00e9-1400x3000-1-e1540240813894.jpg\",\"contentUrl\":\"https:\/\/domainedesjosephins.com\/josephin\/wp-content\/uploads\/2018\/10\/Or-des-pierres-retouch\u00e9-1400x3000-1-e1540240813894.jpg\",\"width\":1400,\"height\":3000},{\"@type\":\"BreadcrumbList\",\"@id\":\"https:\/\/domainedesjosephins.com\/josephin\/index.php\/produit\/lor-des-pierres\/#breadcrumb\",\"itemListElement\":[{\"@type\":\"ListItem\",\"position\":1,\"name\":\"Accueil\",\"item\":\"https:\/\/domainedesjosephins.com\/josephin\/\"},{\"@type\":\"ListItem\",\"position\":2,\"name\":\"Boutique\",\"item\":\"https:\/\/domainedesjosephins.com\/josephin\/index.php\/boutique\/\"},{\"@type\":\"ListItem\",\"position\":3,\"name\":\"L\u2019Or des Pierres\"}]},{\"@type\":\"WebSite\",\"@id\":\"https:\/\/domainedesjosephins.com\/josephin\/#website\",\"url\":\"https:\/\/domainedesjosephins.com\/josephin\/\",\"name\":\"Domaine des Jos\u00e9phins\",\"description\":\"&quot;Du Beaujolais, mais pas que...&quot;\",\"publisher\":{\"@id\":\"https:\/\/domainedesjosephins.com\/josephin\/#organization\"},\"potentialAction\":[{\"@type\":\"SearchAction\",\"target\":{\"@type\":\"EntryPoint\",\"urlTemplate\":\"https:\/\/domainedesjosephins.com\/josephin\/?s={search_term_string}\"},\"query-input\":{\"@type\":\"PropertyValueSpecification\",\"valueRequired\":true,\"valueName\":\"search_term_string\"}}],\"inLanguage\":\"fr-FR\"},{\"@type\":\"Organization\",\"@id\":\"https:\/\/domainedesjosephins.com\/josephin\/#organization\",\"name\":\"Domaine des Jos\u00e9phins\",\"url\":\"https:\/\/domainedesjosephins.com\/josephin\/\",\"logo\":{\"@type\":\"ImageObject\",\"inLanguage\":\"fr-FR\",\"@id\":\"https:\/\/domainedesjosephins.com\/josephin\/#\/schema\/logo\/image\/\",\"url\":\"https:\/\/domainedesjosephins.com\/josephin\/wp-content\/uploads\/2018\/10\/cropped-en-tete-site-internet-1.jpg\",\"contentUrl\":\"https:\/\/domainedesjosephins.com\/josephin\/wp-content\/uploads\/2018\/10\/cropped-en-tete-site-internet-1.jpg\",\"width\":1300,\"height\":500,\"caption\":\"Domaine des Jos\u00e9phins\"},\"image\":{\"@id\":\"https:\/\/domainedesjosephins.com\/josephin\/#\/schema\/logo\/image\/\"},\"sameAs\":[\"https:\/\/www.facebook.com\/profile.php?id=100054597872414\"]}]}<\/script>\n<!-- \/ Yoast SEO plugin. -->","yoast_head_json":{"title":"L\u2019Or des Pierres - Domaine des Jos\u00e9phins","robots":{"index":"index","follow":"follow","max-snippet":"max-snippet:-1","max-image-preview":"max-image-preview:large","max-video-preview":"max-video-preview:-1"},"canonical":"https:\/\/domainedesjosephins.com\/josephin\/index.php\/produit\/lor-des-pierres\/","og_locale":"fr_FR","og_type":"article","og_title":"L\u2019Or des Pierres - Domaine des Jos\u00e9phins","og_description":"Nos Chardonnays qui composent cette cuv\u00e9e sont r\u00e9partis sur trois parcelles aux sols et orientations diff\u00e9rentes afin de pouvoir r\u00e9unir toute la palette d\u2019ar\u00f4mes de ce c\u00e9page. Notre mode de [&hellip;]","og_url":"https:\/\/domainedesjosephins.com\/josephin\/index.php\/produit\/lor-des-pierres\/","og_site_name":"Domaine des Jos\u00e9phins","article_publisher":"https:\/\/www.facebook.com\/profile.php?id=100054597872414","article_modified_time":"2018-11-05T21:53:30+00:00","og_image":[{"width":1400,"height":3000,"url":"https:\/\/domainedesjosephins.com\/josephin\/wp-content\/uploads\/2018\/10\/Or-des-pierres-retouch\u00e9-1400x3000-1-e1540240813894.jpg","type":"image\/jpeg"}],"twitter_card":"summary_large_image","twitter_misc":{"Dur\u00e9e de lecture estim\u00e9e":"1 minute"},"schema":{"@context":"https:\/\/schema.org","@graph":[{"@type":"WebPage","@id":"https:\/\/domainedesjosephins.com\/josephin\/index.php\/produit\/lor-des-pierres\/","url":"https:\/\/domainedesjosephins.com\/josephin\/index.php\/produit\/lor-des-pierres\/","name":"L\u2019Or des Pierres - Domaine des Jos\u00e9phins","isPartOf":{"@id":"https:\/\/domainedesjosephins.com\/josephin\/#website"},"primaryImageOfPage":{"@id":"https:\/\/domainedesjosephins.com\/josephin\/index.php\/produit\/lor-des-pierres\/#primaryimage"},"image":{"@id":"https:\/\/domainedesjosephins.com\/josephin\/index.php\/produit\/lor-des-pierres\/#primaryimage"},"thumbnailUrl":"https:\/\/domainedesjosephins.com\/josephin\/wp-content\/uploads\/2018\/10\/Or-des-pierres-retouch\u00e9-1400x3000-1-e1540240813894.jpg","datePublished":"2018-10-28T21:30:10+00:00","dateModified":"2018-11-05T21:53:30+00:00","breadcrumb":{"@id":"https:\/\/domainedesjosephins.com\/josephin\/index.php\/produit\/lor-des-pierres\/#breadcrumb"},"inLanguage":"fr-FR","potentialAction":[{"@type":"ReadAction","target":["https:\/\/domainedesjosephins.com\/josephin\/index.php\/produit\/lor-des-pierres\/"]}]},{"@type":"ImageObject","inLanguage":"fr-FR","@id":"https:\/\/domainedesjosephins.com\/josephin\/index.php\/produit\/lor-des-pierres\/#primaryimage","url":"https:\/\/domainedesjosephins.com\/josephin\/wp-content\/uploads\/2018\/10\/Or-des-pierres-retouch\u00e9-1400x3000-1-e1540240813894.jpg","contentUrl":"https:\/\/domainedesjosephins.com\/josephin\/wp-content\/uploads\/2018\/10\/Or-des-pierres-retouch\u00e9-1400x3000-1-e1540240813894.jpg","width":1400,"height":3000},{"@type":"BreadcrumbList","@id":"https:\/\/domainedesjosephins.com\/josephin\/index.php\/produit\/lor-des-pierres\/#breadcrumb","itemListElement":[{"@type":"ListItem","position":1,"name":"Accueil","item":"https:\/\/domainedesjosephins.com\/josephin\/"},{"@type":"ListItem","position":2,"name":"Boutique","item":"https:\/\/domainedesjosephins.com\/josephin\/index.php\/boutique\/"},{"@type":"ListItem","position":3,"name":"L\u2019Or des Pierres"}]},{"@type":"WebSite","@id":"https:\/\/domainedesjosephins.com\/josephin\/#website","url":"https:\/\/domainedesjosephins.com\/josephin\/","name":"Domaine des Jos\u00e9phins","description":"&quot;Du Beaujolais, mais pas que...&quot;","publisher":{"@id":"https:\/\/domainedesjosephins.com\/josephin\/#organization"},"potentialAction":[{"@type":"SearchAction","target":{"@type":"EntryPoint","urlTemplate":"https:\/\/domainedesjosephins.com\/josephin\/?s={search_term_string}"},"query-input":{"@type":"PropertyValueSpecification","valueRequired":true,"valueName":"search_term_string"}}],"inLanguage":"fr-FR"},{"@type":"Organization","@id":"https:\/\/domainedesjosephins.com\/josephin\/#organization","name":"Domaine des Jos\u00e9phins","url":"https:\/\/domainedesjosephins.com\/josephin\/","logo":{"@type":"ImageObject","inLanguage":"fr-FR","@id":"https:\/\/domainedesjosephins.com\/josephin\/#\/schema\/logo\/image\/","url":"https:\/\/domainedesjosephins.com\/josephin\/wp-content\/uploads\/2018\/10\/cropped-en-tete-site-internet-1.jpg","contentUrl":"https:\/\/domainedesjosephins.com\/josephin\/wp-content\/uploads\/2018\/10\/cropped-en-tete-site-internet-1.jpg","width":1300,"height":500,"caption":"Domaine des Jos\u00e9phins"},"image":{"@id":"https:\/\/domainedesjosephins.com\/josephin\/#\/schema\/logo\/image\/"},"sameAs":["https:\/\/www.facebook.com\/profile.php?id=100054597872414"]}]}},"jetpack_sharing_enabled":true,"_links":{"self":[{"href":"https:\/\/domainedesjosephins.com\/josephin\/index.php\/wp-json\/wp\/v2\/product\/574","targetHints":{"allow":["GET"]}}],"collection":[{"href":"https:\/\/domainedesjosephins.com\/josephin\/index.php\/wp-json\/wp\/v2\/product"}],"about":[{"href":"https:\/\/domainedesjosephins.com\/josephin\/index.php\/wp-json\/wp\/v2\/types\/product"}],"replies":[{"embeddable":true,"href":"https:\/\/domainedesjosephins.com\/josephin\/index.php\/wp-json\/wp\/v2\/comments?post=574"}],"wp:featuredmedia":[{"embeddable":true,"href":"https:\/\/domainedesjosephins.com\/josephin\/index.php\/wp-json\/wp\/v2\/media\/245"}],"wp:attachment":[{"href":"https:\/\/domainedesjosephins.com\/josephin\/index.php\/wp-json\/wp\/v2\/media?parent=574"}],"wp:term":[{"taxonomy":"product_brand","embeddable":true,"href":"https:\/\/domainedesjosephins.com\/josephin\/index.php\/wp-json\/wp\/v2\/product_brand?post=574"},{"taxonomy":"product_cat","embeddable":true,"href":"https:\/\/domainedesjosephins.com\/josephin\/index.php\/wp-json\/wp\/v2\/product_cat?post=574"},{"taxonomy":"product_tag","embeddable":true,"href":"https:\/\/domainedesjosephins.com\/josephin\/index.php\/wp-json\/wp\/v2\/product_tag?post=574"}],"curies":[{"name":"wp","href":"https:\/\/api.w.org\/{rel}","templated":true}]}}