{"id":575,"date":"2018-10-28T22:30:52","date_gmt":"2018-10-28T21:30:52","guid":{"rendered":"http:\/\/domainedesjosephins.com\/josephin\/?post_type=product&#038;p=575"},"modified":"2018-11-05T22:47:29","modified_gmt":"2018-11-05T21:47:29","slug":"viognier-des-josephins","status":"publish","type":"product","link":"https:\/\/domainedesjosephins.com\/josephin\/index.php\/produit\/viognier-des-josephins\/","title":{"rendered":"Viognier des Josephins"},"content":{"rendered":"<p>L\u2019un des rares viognier du comt\u00e9s rhodaniens<\/p>\n<p><span style=\"font-family: Arimo, sans-serif;\"><span style=\"font-size: large;\">Vendang\u00e9s \u00e0 la main les Viogniers sont mis en cuve quelques heures pour r\u00e9aliser un mac\u00e9ration pr\u00e9-fermentaire qui lib\u00e8re la richesse de toutes ses nuances. <\/span><\/span><\/p>\n<p><span style=\"font-family: Arimo, sans-serif;\"><span style=\"font-size: large;\">Une fois press\u00e9, il d\u00e9marre sa fermentation en cuve avant d&rsquo;\u00eatre entonn\u00e9 dans des f\u00fbts de ch\u00eane bourguignons \u00e0 mi-parcours. Cette m\u00e9thode permet d&rsquo;affiner les ar\u00f4mes bois\u00e9s et de fondre les ar\u00f4mes pour une complexit\u00e9 plus importante. <\/span><\/span><\/p>\n<p><span style=\"font-family: Arimo, sans-serif;\"><span style=\"font-size: large;\">Il passe ensuite entre 6 mois et un an dans des f\u00fbts de ch\u00eane bourguignons afin de gagner sa rondeur et ses ar\u00f4mes miell\u00e9s.<\/span><\/span><\/p>\n","protected":false},"excerpt":{"rendered":"<p>L\u2019un des rares viognier du comt\u00e9s rhodaniens Vendang\u00e9s \u00e0 la main les Viogniers sont mis en cuve quelques heures pour r\u00e9aliser un mac\u00e9ration pr\u00e9-fermentaire qui lib\u00e8re la richesse de toutes [&hellip;]<\/p>\n","protected":false},"featured_media":213,"comment_status":"closed","ping_status":"closed","template":"","meta":{"_et_pb_use_builder":"","_et_pb_old_content":"","_et_gb_content_width":""},"product_brand":[],"product_cat":[22,20,18],"product_tag":[],"class_list":{"0":"post-575","1":"product","2":"type-product","3":"status-publish","4":"has-post-thumbnail","6":"product_cat-appellation-comtes-rhodaniens","7":"product_cat-vin","8":"product_cat-vin-blanc","10":"first","11":"instock","12":"taxable","13":"shipping-taxable","14":"product-type-grouped"},"yoast_head":"<!-- This site is optimized with the Yoast SEO plugin v23.8 - https:\/\/yoast.com\/wordpress\/plugins\/seo\/ -->\n<title>Viognier des Josephins - Domaine des Jos\u00e9phins<\/title>\n<meta name=\"robots\" content=\"index, follow, max-snippet:-1, max-image-preview:large, max-video-preview:-1\" \/>\n<link rel=\"canonical\" href=\"https:\/\/domainedesjosephins.com\/josephin\/index.php\/produit\/viognier-des-josephins\/\" \/>\n<meta property=\"og:locale\" content=\"fr_FR\" \/>\n<meta property=\"og:type\" content=\"article\" \/>\n<meta property=\"og:title\" content=\"Viognier des Josephins - Domaine des Jos\u00e9phins\" \/>\n<meta property=\"og:description\" content=\"L\u2019un des rares viognier du comt\u00e9s rhodaniens Vendang\u00e9s \u00e0 la main les Viogniers sont mis en cuve quelques heures pour r\u00e9aliser un mac\u00e9ration pr\u00e9-fermentaire qui lib\u00e8re la richesse de toutes [&hellip;]\" \/>\n<meta property=\"og:url\" content=\"https:\/\/domainedesjosephins.com\/josephin\/index.php\/produit\/viognier-des-josephins\/\" \/>\n<meta property=\"og:site_name\" content=\"Domaine des Jos\u00e9phins\" \/>\n<meta property=\"article:publisher\" content=\"https:\/\/www.facebook.com\/profile.php?id=100054597872414\" \/>\n<meta property=\"article:modified_time\" content=\"2018-11-05T21:47:29+00:00\" \/>\n<meta property=\"og:image\" content=\"https:\/\/domainedesjosephins.com\/josephin\/wp-content\/uploads\/2018\/10\/viognier-retouch\u00e9-1400x3000-e1539954999574.jpg\" \/>\n\t<meta property=\"og:image:width\" content=\"1400\" \/>\n\t<meta property=\"og:image:height\" content=\"3000\" \/>\n\t<meta property=\"og:image:type\" content=\"image\/jpeg\" \/>\n<meta name=\"twitter:card\" content=\"summary_large_image\" \/>\n<meta name=\"twitter:label1\" content=\"Dur\u00e9e de lecture estim\u00e9e\" \/>\n\t<meta name=\"twitter:data1\" content=\"1 minute\" \/>\n<script type=\"application\/ld+json\" class=\"yoast-schema-graph\">{\"@context\":\"https:\/\/schema.org\",\"@graph\":[{\"@type\":\"WebPage\",\"@id\":\"https:\/\/domainedesjosephins.com\/josephin\/index.php\/produit\/viognier-des-josephins\/\",\"url\":\"https:\/\/domainedesjosephins.com\/josephin\/index.php\/produit\/viognier-des-josephins\/\",\"name\":\"Viognier des Josephins - Domaine des Jos\u00e9phins\",\"isPartOf\":{\"@id\":\"https:\/\/domainedesjosephins.com\/josephin\/#website\"},\"primaryImageOfPage\":{\"@id\":\"https:\/\/domainedesjosephins.com\/josephin\/index.php\/produit\/viognier-des-josephins\/#primaryimage\"},\"image\":{\"@id\":\"https:\/\/domainedesjosephins.com\/josephin\/index.php\/produit\/viognier-des-josephins\/#primaryimage\"},\"thumbnailUrl\":\"https:\/\/domainedesjosephins.com\/josephin\/wp-content\/uploads\/2018\/10\/viognier-retouch\u00e9-1400x3000-e1539954999574.jpg\",\"datePublished\":\"2018-10-28T21:30:52+00:00\",\"dateModified\":\"2018-11-05T21:47:29+00:00\",\"breadcrumb\":{\"@id\":\"https:\/\/domainedesjosephins.com\/josephin\/index.php\/produit\/viognier-des-josephins\/#breadcrumb\"},\"inLanguage\":\"fr-FR\",\"potentialAction\":[{\"@type\":\"ReadAction\",\"target\":[\"https:\/\/domainedesjosephins.com\/josephin\/index.php\/produit\/viognier-des-josephins\/\"]}]},{\"@type\":\"ImageObject\",\"inLanguage\":\"fr-FR\",\"@id\":\"https:\/\/domainedesjosephins.com\/josephin\/index.php\/produit\/viognier-des-josephins\/#primaryimage\",\"url\":\"https:\/\/domainedesjosephins.com\/josephin\/wp-content\/uploads\/2018\/10\/viognier-retouch\u00e9-1400x3000-e1539954999574.jpg\",\"contentUrl\":\"https:\/\/domainedesjosephins.com\/josephin\/wp-content\/uploads\/2018\/10\/viognier-retouch\u00e9-1400x3000-e1539954999574.jpg\",\"width\":1400,\"height\":3000},{\"@type\":\"BreadcrumbList\",\"@id\":\"https:\/\/domainedesjosephins.com\/josephin\/index.php\/produit\/viognier-des-josephins\/#breadcrumb\",\"itemListElement\":[{\"@type\":\"ListItem\",\"position\":1,\"name\":\"Accueil\",\"item\":\"https:\/\/domainedesjosephins.com\/josephin\/\"},{\"@type\":\"ListItem\",\"position\":2,\"name\":\"Boutique\",\"item\":\"https:\/\/domainedesjosephins.com\/josephin\/index.php\/boutique\/\"},{\"@type\":\"ListItem\",\"position\":3,\"name\":\"Viognier des Josephins\"}]},{\"@type\":\"WebSite\",\"@id\":\"https:\/\/domainedesjosephins.com\/josephin\/#website\",\"url\":\"https:\/\/domainedesjosephins.com\/josephin\/\",\"name\":\"Domaine des Jos\u00e9phins\",\"description\":\"&quot;Du Beaujolais, mais pas que...&quot;\",\"publisher\":{\"@id\":\"https:\/\/domainedesjosephins.com\/josephin\/#organization\"},\"potentialAction\":[{\"@type\":\"SearchAction\",\"target\":{\"@type\":\"EntryPoint\",\"urlTemplate\":\"https:\/\/domainedesjosephins.com\/josephin\/?s={search_term_string}\"},\"query-input\":{\"@type\":\"PropertyValueSpecification\",\"valueRequired\":true,\"valueName\":\"search_term_string\"}}],\"inLanguage\":\"fr-FR\"},{\"@type\":\"Organization\",\"@id\":\"https:\/\/domainedesjosephins.com\/josephin\/#organization\",\"name\":\"Domaine des Jos\u00e9phins\",\"url\":\"https:\/\/domainedesjosephins.com\/josephin\/\",\"logo\":{\"@type\":\"ImageObject\",\"inLanguage\":\"fr-FR\",\"@id\":\"https:\/\/domainedesjosephins.com\/josephin\/#\/schema\/logo\/image\/\",\"url\":\"https:\/\/domainedesjosephins.com\/josephin\/wp-content\/uploads\/2018\/10\/cropped-en-tete-site-internet-1.jpg\",\"contentUrl\":\"https:\/\/domainedesjosephins.com\/josephin\/wp-content\/uploads\/2018\/10\/cropped-en-tete-site-internet-1.jpg\",\"width\":1300,\"height\":500,\"caption\":\"Domaine des Jos\u00e9phins\"},\"image\":{\"@id\":\"https:\/\/domainedesjosephins.com\/josephin\/#\/schema\/logo\/image\/\"},\"sameAs\":[\"https:\/\/www.facebook.com\/profile.php?id=100054597872414\"]}]}<\/script>\n<!-- \/ Yoast SEO plugin. -->","yoast_head_json":{"title":"Viognier des Josephins - Domaine des Jos\u00e9phins","robots":{"index":"index","follow":"follow","max-snippet":"max-snippet:-1","max-image-preview":"max-image-preview:large","max-video-preview":"max-video-preview:-1"},"canonical":"https:\/\/domainedesjosephins.com\/josephin\/index.php\/produit\/viognier-des-josephins\/","og_locale":"fr_FR","og_type":"article","og_title":"Viognier des Josephins - Domaine des Jos\u00e9phins","og_description":"L\u2019un des rares viognier du comt\u00e9s rhodaniens Vendang\u00e9s \u00e0 la main les Viogniers sont mis en cuve quelques heures pour r\u00e9aliser un mac\u00e9ration pr\u00e9-fermentaire qui lib\u00e8re la richesse de toutes [&hellip;]","og_url":"https:\/\/domainedesjosephins.com\/josephin\/index.php\/produit\/viognier-des-josephins\/","og_site_name":"Domaine des Jos\u00e9phins","article_publisher":"https:\/\/www.facebook.com\/profile.php?id=100054597872414","article_modified_time":"2018-11-05T21:47:29+00:00","og_image":[{"width":1400,"height":3000,"url":"https:\/\/domainedesjosephins.com\/josephin\/wp-content\/uploads\/2018\/10\/viognier-retouch\u00e9-1400x3000-e1539954999574.jpg","type":"image\/jpeg"}],"twitter_card":"summary_large_image","twitter_misc":{"Dur\u00e9e de lecture estim\u00e9e":"1 minute"},"schema":{"@context":"https:\/\/schema.org","@graph":[{"@type":"WebPage","@id":"https:\/\/domainedesjosephins.com\/josephin\/index.php\/produit\/viognier-des-josephins\/","url":"https:\/\/domainedesjosephins.com\/josephin\/index.php\/produit\/viognier-des-josephins\/","name":"Viognier des Josephins - Domaine des Jos\u00e9phins","isPartOf":{"@id":"https:\/\/domainedesjosephins.com\/josephin\/#website"},"primaryImageOfPage":{"@id":"https:\/\/domainedesjosephins.com\/josephin\/index.php\/produit\/viognier-des-josephins\/#primaryimage"},"image":{"@id":"https:\/\/domainedesjosephins.com\/josephin\/index.php\/produit\/viognier-des-josephins\/#primaryimage"},"thumbnailUrl":"https:\/\/domainedesjosephins.com\/josephin\/wp-content\/uploads\/2018\/10\/viognier-retouch\u00e9-1400x3000-e1539954999574.jpg","datePublished":"2018-10-28T21:30:52+00:00","dateModified":"2018-11-05T21:47:29+00:00","breadcrumb":{"@id":"https:\/\/domainedesjosephins.com\/josephin\/index.php\/produit\/viognier-des-josephins\/#breadcrumb"},"inLanguage":"fr-FR","potentialAction":[{"@type":"ReadAction","target":["https:\/\/domainedesjosephins.com\/josephin\/index.php\/produit\/viognier-des-josephins\/"]}]},{"@type":"ImageObject","inLanguage":"fr-FR","@id":"https:\/\/domainedesjosephins.com\/josephin\/index.php\/produit\/viognier-des-josephins\/#primaryimage","url":"https:\/\/domainedesjosephins.com\/josephin\/wp-content\/uploads\/2018\/10\/viognier-retouch\u00e9-1400x3000-e1539954999574.jpg","contentUrl":"https:\/\/domainedesjosephins.com\/josephin\/wp-content\/uploads\/2018\/10\/viognier-retouch\u00e9-1400x3000-e1539954999574.jpg","width":1400,"height":3000},{"@type":"BreadcrumbList","@id":"https:\/\/domainedesjosephins.com\/josephin\/index.php\/produit\/viognier-des-josephins\/#breadcrumb","itemListElement":[{"@type":"ListItem","position":1,"name":"Accueil","item":"https:\/\/domainedesjosephins.com\/josephin\/"},{"@type":"ListItem","position":2,"name":"Boutique","item":"https:\/\/domainedesjosephins.com\/josephin\/index.php\/boutique\/"},{"@type":"ListItem","position":3,"name":"Viognier des Josephins"}]},{"@type":"WebSite","@id":"https:\/\/domainedesjosephins.com\/josephin\/#website","url":"https:\/\/domainedesjosephins.com\/josephin\/","name":"Domaine des Jos\u00e9phins","description":"&quot;Du Beaujolais, mais pas que...&quot;","publisher":{"@id":"https:\/\/domainedesjosephins.com\/josephin\/#organization"},"potentialAction":[{"@type":"SearchAction","target":{"@type":"EntryPoint","urlTemplate":"https:\/\/domainedesjosephins.com\/josephin\/?s={search_term_string}"},"query-input":{"@type":"PropertyValueSpecification","valueRequired":true,"valueName":"search_term_string"}}],"inLanguage":"fr-FR"},{"@type":"Organization","@id":"https:\/\/domainedesjosephins.com\/josephin\/#organization","name":"Domaine des Jos\u00e9phins","url":"https:\/\/domainedesjosephins.com\/josephin\/","logo":{"@type":"ImageObject","inLanguage":"fr-FR","@id":"https:\/\/domainedesjosephins.com\/josephin\/#\/schema\/logo\/image\/","url":"https:\/\/domainedesjosephins.com\/josephin\/wp-content\/uploads\/2018\/10\/cropped-en-tete-site-internet-1.jpg","contentUrl":"https:\/\/domainedesjosephins.com\/josephin\/wp-content\/uploads\/2018\/10\/cropped-en-tete-site-internet-1.jpg","width":1300,"height":500,"caption":"Domaine des Jos\u00e9phins"},"image":{"@id":"https:\/\/domainedesjosephins.com\/josephin\/#\/schema\/logo\/image\/"},"sameAs":["https:\/\/www.facebook.com\/profile.php?id=100054597872414"]}]}},"jetpack_sharing_enabled":true,"_links":{"self":[{"href":"https:\/\/domainedesjosephins.com\/josephin\/index.php\/wp-json\/wp\/v2\/product\/575","targetHints":{"allow":["GET"]}}],"collection":[{"href":"https:\/\/domainedesjosephins.com\/josephin\/index.php\/wp-json\/wp\/v2\/product"}],"about":[{"href":"https:\/\/domainedesjosephins.com\/josephin\/index.php\/wp-json\/wp\/v2\/types\/product"}],"replies":[{"embeddable":true,"href":"https:\/\/domainedesjosephins.com\/josephin\/index.php\/wp-json\/wp\/v2\/comments?post=575"}],"wp:featuredmedia":[{"embeddable":true,"href":"https:\/\/domainedesjosephins.com\/josephin\/index.php\/wp-json\/wp\/v2\/media\/213"}],"wp:attachment":[{"href":"https:\/\/domainedesjosephins.com\/josephin\/index.php\/wp-json\/wp\/v2\/media?parent=575"}],"wp:term":[{"taxonomy":"product_brand","embeddable":true,"href":"https:\/\/domainedesjosephins.com\/josephin\/index.php\/wp-json\/wp\/v2\/product_brand?post=575"},{"taxonomy":"product_cat","embeddable":true,"href":"https:\/\/domainedesjosephins.com\/josephin\/index.php\/wp-json\/wp\/v2\/product_cat?post=575"},{"taxonomy":"product_tag","embeddable":true,"href":"https:\/\/domainedesjosephins.com\/josephin\/index.php\/wp-json\/wp\/v2\/product_tag?post=575"}],"curies":[{"name":"wp","href":"https:\/\/api.w.org\/{rel}","templated":true}]}}