{"id":578,"date":"2018-10-28T22:43:32","date_gmt":"2018-10-28T21:43:32","guid":{"rendered":"http:\/\/domainedesjosephins.com\/josephin\/?post_type=product&#038;p=578"},"modified":"2018-11-05T22:53:10","modified_gmt":"2018-11-05T21:53:10","slug":"gorge-rouge","status":"publish","type":"product","link":"https:\/\/domainedesjosephins.com\/josephin\/index.php\/produit\/gorge-rouge\/","title":{"rendered":"Gorge Rouge"},"content":{"rendered":"<p>100% pinot noir, \u00e9lev\u00e9 9 mois en f\u00fbt bourguignon, c\u2019est le plus m\u00e9dit\u00e9rran\u00e9en des Bourgogne ! Ce c\u00e9page tout en finesse s\u2019acclimate tr\u00e8s bien dans nos r\u00e9gions du grand sud Bourgogne, puisque m\u00eame la Californie en produit de fa\u00e7on qualitative. Enti\u00e8rement \u00e9grapp\u00e9 avant d\u2019\u00eatre vers\u00e9 dans les cuves, il mac\u00e8re tout doucement avant d\u2019aller vieillir quelques mois sous bois.<\/p>\n","protected":false},"excerpt":{"rendered":"<p>100% pinot noir, \u00e9lev\u00e9 9 mois en f\u00fbt bourguignon, c\u2019est le plus m\u00e9dit\u00e9rran\u00e9en des Bourgogne ! Ce c\u00e9page tout en finesse s\u2019acclimate tr\u00e8s bien dans nos r\u00e9gions du grand sud [&hellip;]<\/p>\n","protected":false},"featured_media":418,"comment_status":"closed","ping_status":"closed","template":"","meta":{"_et_pb_use_builder":"","_et_pb_old_content":"","_et_gb_content_width":""},"product_brand":[],"product_cat":[20,19],"product_tag":[],"class_list":{"0":"post-578","1":"product","2":"type-product","3":"status-publish","4":"has-post-thumbnail","6":"product_cat-vin","7":"product_cat-vin-rouge","9":"first","10":"instock","11":"taxable","12":"shipping-taxable","13":"product-type-grouped"},"yoast_head":"<!-- This site is optimized with the Yoast SEO plugin v23.8 - https:\/\/yoast.com\/wordpress\/plugins\/seo\/ -->\n<title>Gorge Rouge - Domaine des Jos\u00e9phins<\/title>\n<meta name=\"robots\" content=\"index, follow, max-snippet:-1, max-image-preview:large, max-video-preview:-1\" \/>\n<link rel=\"canonical\" href=\"https:\/\/domainedesjosephins.com\/josephin\/index.php\/produit\/gorge-rouge\/\" \/>\n<meta property=\"og:locale\" content=\"fr_FR\" \/>\n<meta property=\"og:type\" content=\"article\" \/>\n<meta property=\"og:title\" content=\"Gorge Rouge - Domaine des Jos\u00e9phins\" \/>\n<meta property=\"og:description\" content=\"100% pinot noir, \u00e9lev\u00e9 9 mois en f\u00fbt bourguignon, c\u2019est le plus m\u00e9dit\u00e9rran\u00e9en des Bourgogne ! Ce c\u00e9page tout en finesse s\u2019acclimate tr\u00e8s bien dans nos r\u00e9gions du grand sud [&hellip;]\" \/>\n<meta property=\"og:url\" content=\"https:\/\/domainedesjosephins.com\/josephin\/index.php\/produit\/gorge-rouge\/\" \/>\n<meta property=\"og:site_name\" content=\"Domaine des Jos\u00e9phins\" \/>\n<meta property=\"article:publisher\" content=\"https:\/\/www.facebook.com\/profile.php?id=100054597872414\" \/>\n<meta property=\"article:modified_time\" content=\"2018-11-05T21:53:10+00:00\" \/>\n<meta property=\"og:image\" content=\"https:\/\/domainedesjosephins.com\/josephin\/wp-content\/uploads\/2018\/10\/gorge-rouge.jpg\" \/>\n\t<meta property=\"og:image:width\" content=\"1400\" \/>\n\t<meta property=\"og:image:height\" content=\"3000\" \/>\n\t<meta property=\"og:image:type\" content=\"image\/jpeg\" \/>\n<meta name=\"twitter:card\" content=\"summary_large_image\" \/>\n<script type=\"application\/ld+json\" class=\"yoast-schema-graph\">{\"@context\":\"https:\/\/schema.org\",\"@graph\":[{\"@type\":\"WebPage\",\"@id\":\"https:\/\/domainedesjosephins.com\/josephin\/index.php\/produit\/gorge-rouge\/\",\"url\":\"https:\/\/domainedesjosephins.com\/josephin\/index.php\/produit\/gorge-rouge\/\",\"name\":\"Gorge Rouge - Domaine des Jos\u00e9phins\",\"isPartOf\":{\"@id\":\"https:\/\/domainedesjosephins.com\/josephin\/#website\"},\"primaryImageOfPage\":{\"@id\":\"https:\/\/domainedesjosephins.com\/josephin\/index.php\/produit\/gorge-rouge\/#primaryimage\"},\"image\":{\"@id\":\"https:\/\/domainedesjosephins.com\/josephin\/index.php\/produit\/gorge-rouge\/#primaryimage\"},\"thumbnailUrl\":\"https:\/\/domainedesjosephins.com\/josephin\/wp-content\/uploads\/2018\/10\/gorge-rouge.jpg\",\"datePublished\":\"2018-10-28T21:43:32+00:00\",\"dateModified\":\"2018-11-05T21:53:10+00:00\",\"breadcrumb\":{\"@id\":\"https:\/\/domainedesjosephins.com\/josephin\/index.php\/produit\/gorge-rouge\/#breadcrumb\"},\"inLanguage\":\"fr-FR\",\"potentialAction\":[{\"@type\":\"ReadAction\",\"target\":[\"https:\/\/domainedesjosephins.com\/josephin\/index.php\/produit\/gorge-rouge\/\"]}]},{\"@type\":\"ImageObject\",\"inLanguage\":\"fr-FR\",\"@id\":\"https:\/\/domainedesjosephins.com\/josephin\/index.php\/produit\/gorge-rouge\/#primaryimage\",\"url\":\"https:\/\/domainedesjosephins.com\/josephin\/wp-content\/uploads\/2018\/10\/gorge-rouge.jpg\",\"contentUrl\":\"https:\/\/domainedesjosephins.com\/josephin\/wp-content\/uploads\/2018\/10\/gorge-rouge.jpg\",\"width\":1400,\"height\":3000},{\"@type\":\"BreadcrumbList\",\"@id\":\"https:\/\/domainedesjosephins.com\/josephin\/index.php\/produit\/gorge-rouge\/#breadcrumb\",\"itemListElement\":[{\"@type\":\"ListItem\",\"position\":1,\"name\":\"Accueil\",\"item\":\"https:\/\/domainedesjosephins.com\/josephin\/\"},{\"@type\":\"ListItem\",\"position\":2,\"name\":\"Boutique\",\"item\":\"https:\/\/domainedesjosephins.com\/josephin\/index.php\/boutique\/\"},{\"@type\":\"ListItem\",\"position\":3,\"name\":\"Gorge Rouge\"}]},{\"@type\":\"WebSite\",\"@id\":\"https:\/\/domainedesjosephins.com\/josephin\/#website\",\"url\":\"https:\/\/domainedesjosephins.com\/josephin\/\",\"name\":\"Domaine des Jos\u00e9phins\",\"description\":\"&quot;Du Beaujolais, mais pas que...&quot;\",\"publisher\":{\"@id\":\"https:\/\/domainedesjosephins.com\/josephin\/#organization\"},\"potentialAction\":[{\"@type\":\"SearchAction\",\"target\":{\"@type\":\"EntryPoint\",\"urlTemplate\":\"https:\/\/domainedesjosephins.com\/josephin\/?s={search_term_string}\"},\"query-input\":{\"@type\":\"PropertyValueSpecification\",\"valueRequired\":true,\"valueName\":\"search_term_string\"}}],\"inLanguage\":\"fr-FR\"},{\"@type\":\"Organization\",\"@id\":\"https:\/\/domainedesjosephins.com\/josephin\/#organization\",\"name\":\"Domaine des Jos\u00e9phins\",\"url\":\"https:\/\/domainedesjosephins.com\/josephin\/\",\"logo\":{\"@type\":\"ImageObject\",\"inLanguage\":\"fr-FR\",\"@id\":\"https:\/\/domainedesjosephins.com\/josephin\/#\/schema\/logo\/image\/\",\"url\":\"https:\/\/domainedesjosephins.com\/josephin\/wp-content\/uploads\/2018\/10\/cropped-en-tete-site-internet-1.jpg\",\"contentUrl\":\"https:\/\/domainedesjosephins.com\/josephin\/wp-content\/uploads\/2018\/10\/cropped-en-tete-site-internet-1.jpg\",\"width\":1300,\"height\":500,\"caption\":\"Domaine des Jos\u00e9phins\"},\"image\":{\"@id\":\"https:\/\/domainedesjosephins.com\/josephin\/#\/schema\/logo\/image\/\"},\"sameAs\":[\"https:\/\/www.facebook.com\/profile.php?id=100054597872414\"]}]}<\/script>\n<!-- \/ Yoast SEO plugin. -->","yoast_head_json":{"title":"Gorge Rouge - Domaine des Jos\u00e9phins","robots":{"index":"index","follow":"follow","max-snippet":"max-snippet:-1","max-image-preview":"max-image-preview:large","max-video-preview":"max-video-preview:-1"},"canonical":"https:\/\/domainedesjosephins.com\/josephin\/index.php\/produit\/gorge-rouge\/","og_locale":"fr_FR","og_type":"article","og_title":"Gorge Rouge - Domaine des Jos\u00e9phins","og_description":"100% pinot noir, \u00e9lev\u00e9 9 mois en f\u00fbt bourguignon, c\u2019est le plus m\u00e9dit\u00e9rran\u00e9en des Bourgogne ! Ce c\u00e9page tout en finesse s\u2019acclimate tr\u00e8s bien dans nos r\u00e9gions du grand sud [&hellip;]","og_url":"https:\/\/domainedesjosephins.com\/josephin\/index.php\/produit\/gorge-rouge\/","og_site_name":"Domaine des Jos\u00e9phins","article_publisher":"https:\/\/www.facebook.com\/profile.php?id=100054597872414","article_modified_time":"2018-11-05T21:53:10+00:00","og_image":[{"width":1400,"height":3000,"url":"https:\/\/domainedesjosephins.com\/josephin\/wp-content\/uploads\/2018\/10\/gorge-rouge.jpg","type":"image\/jpeg"}],"twitter_card":"summary_large_image","schema":{"@context":"https:\/\/schema.org","@graph":[{"@type":"WebPage","@id":"https:\/\/domainedesjosephins.com\/josephin\/index.php\/produit\/gorge-rouge\/","url":"https:\/\/domainedesjosephins.com\/josephin\/index.php\/produit\/gorge-rouge\/","name":"Gorge Rouge - Domaine des Jos\u00e9phins","isPartOf":{"@id":"https:\/\/domainedesjosephins.com\/josephin\/#website"},"primaryImageOfPage":{"@id":"https:\/\/domainedesjosephins.com\/josephin\/index.php\/produit\/gorge-rouge\/#primaryimage"},"image":{"@id":"https:\/\/domainedesjosephins.com\/josephin\/index.php\/produit\/gorge-rouge\/#primaryimage"},"thumbnailUrl":"https:\/\/domainedesjosephins.com\/josephin\/wp-content\/uploads\/2018\/10\/gorge-rouge.jpg","datePublished":"2018-10-28T21:43:32+00:00","dateModified":"2018-11-05T21:53:10+00:00","breadcrumb":{"@id":"https:\/\/domainedesjosephins.com\/josephin\/index.php\/produit\/gorge-rouge\/#breadcrumb"},"inLanguage":"fr-FR","potentialAction":[{"@type":"ReadAction","target":["https:\/\/domainedesjosephins.com\/josephin\/index.php\/produit\/gorge-rouge\/"]}]},{"@type":"ImageObject","inLanguage":"fr-FR","@id":"https:\/\/domainedesjosephins.com\/josephin\/index.php\/produit\/gorge-rouge\/#primaryimage","url":"https:\/\/domainedesjosephins.com\/josephin\/wp-content\/uploads\/2018\/10\/gorge-rouge.jpg","contentUrl":"https:\/\/domainedesjosephins.com\/josephin\/wp-content\/uploads\/2018\/10\/gorge-rouge.jpg","width":1400,"height":3000},{"@type":"BreadcrumbList","@id":"https:\/\/domainedesjosephins.com\/josephin\/index.php\/produit\/gorge-rouge\/#breadcrumb","itemListElement":[{"@type":"ListItem","position":1,"name":"Accueil","item":"https:\/\/domainedesjosephins.com\/josephin\/"},{"@type":"ListItem","position":2,"name":"Boutique","item":"https:\/\/domainedesjosephins.com\/josephin\/index.php\/boutique\/"},{"@type":"ListItem","position":3,"name":"Gorge Rouge"}]},{"@type":"WebSite","@id":"https:\/\/domainedesjosephins.com\/josephin\/#website","url":"https:\/\/domainedesjosephins.com\/josephin\/","name":"Domaine des Jos\u00e9phins","description":"&quot;Du Beaujolais, mais pas que...&quot;","publisher":{"@id":"https:\/\/domainedesjosephins.com\/josephin\/#organization"},"potentialAction":[{"@type":"SearchAction","target":{"@type":"EntryPoint","urlTemplate":"https:\/\/domainedesjosephins.com\/josephin\/?s={search_term_string}"},"query-input":{"@type":"PropertyValueSpecification","valueRequired":true,"valueName":"search_term_string"}}],"inLanguage":"fr-FR"},{"@type":"Organization","@id":"https:\/\/domainedesjosephins.com\/josephin\/#organization","name":"Domaine des Jos\u00e9phins","url":"https:\/\/domainedesjosephins.com\/josephin\/","logo":{"@type":"ImageObject","inLanguage":"fr-FR","@id":"https:\/\/domainedesjosephins.com\/josephin\/#\/schema\/logo\/image\/","url":"https:\/\/domainedesjosephins.com\/josephin\/wp-content\/uploads\/2018\/10\/cropped-en-tete-site-internet-1.jpg","contentUrl":"https:\/\/domainedesjosephins.com\/josephin\/wp-content\/uploads\/2018\/10\/cropped-en-tete-site-internet-1.jpg","width":1300,"height":500,"caption":"Domaine des Jos\u00e9phins"},"image":{"@id":"https:\/\/domainedesjosephins.com\/josephin\/#\/schema\/logo\/image\/"},"sameAs":["https:\/\/www.facebook.com\/profile.php?id=100054597872414"]}]}},"jetpack_sharing_enabled":true,"_links":{"self":[{"href":"https:\/\/domainedesjosephins.com\/josephin\/index.php\/wp-json\/wp\/v2\/product\/578","targetHints":{"allow":["GET"]}}],"collection":[{"href":"https:\/\/domainedesjosephins.com\/josephin\/index.php\/wp-json\/wp\/v2\/product"}],"about":[{"href":"https:\/\/domainedesjosephins.com\/josephin\/index.php\/wp-json\/wp\/v2\/types\/product"}],"replies":[{"embeddable":true,"href":"https:\/\/domainedesjosephins.com\/josephin\/index.php\/wp-json\/wp\/v2\/comments?post=578"}],"wp:featuredmedia":[{"embeddable":true,"href":"https:\/\/domainedesjosephins.com\/josephin\/index.php\/wp-json\/wp\/v2\/media\/418"}],"wp:attachment":[{"href":"https:\/\/domainedesjosephins.com\/josephin\/index.php\/wp-json\/wp\/v2\/media?parent=578"}],"wp:term":[{"taxonomy":"product_brand","embeddable":true,"href":"https:\/\/domainedesjosephins.com\/josephin\/index.php\/wp-json\/wp\/v2\/product_brand?post=578"},{"taxonomy":"product_cat","embeddable":true,"href":"https:\/\/domainedesjosephins.com\/josephin\/index.php\/wp-json\/wp\/v2\/product_cat?post=578"},{"taxonomy":"product_tag","embeddable":true,"href":"https:\/\/domainedesjosephins.com\/josephin\/index.php\/wp-json\/wp\/v2\/product_tag?post=578"}],"curies":[{"name":"wp","href":"https:\/\/api.w.org\/{rel}","templated":true}]}}