{"id":579,"date":"2018-10-28T22:44:27","date_gmt":"2018-10-28T21:44:27","guid":{"rendered":"http:\/\/domainedesjosephins.com\/josephin\/?post_type=product&#038;p=579"},"modified":"2018-11-05T22:52:56","modified_gmt":"2018-11-05T21:52:56","slug":"coteaux-bourguignons","status":"publish","type":"product","link":"https:\/\/domainedesjosephins.com\/josephin\/index.php\/produit\/coteaux-bourguignons\/","title":{"rendered":"Coteaux Bourguignons"},"content":{"rendered":"<p align=\"left\">Situ\u00e9 sur une parcelle orient\u00e9e est\/ouest au sol argilo-calcaire, ce vin est travaill\u00e9 en culture \u00e9cologique Terra Vitis.<\/p>\n<p align=\"left\">Issu d\u2019un assemblage de Pinot et de Gamay (10\/90%), ce Coteaux Bourguignons titrant 12.5\u00b0, se mariera tr\u00e8s bien avec un plat mijot\u00e9. Sa bouche velout\u00e9e aux notes de fruits noirs cuits, l\u00e9g\u00e8rement bois\u00e9, en fait un compagnon d\u2019ap\u00e9ritif id\u00e9al.<\/p>\n<p align=\"left\">Les ceps, vieux d\u2019une cinquantaine d\u2019ann\u00e9es, sont vendang\u00e9s \u00e0 la main.\u00a0La vinification a lieu \u00e0 temp\u00e9rature fra\u00eeche (18\u00b0) pour pouvoir \u00eatre prolong\u00e9e. Les grappes sont pressur\u00e9es apr\u00e8s une dizaine de jours de mac\u00e9ration puis le jus qui en ressort est \u00e9lev\u00e9 entre 6 mois et un an en fonction des besoins du mill\u00e9sime.<\/p>\n<p align=\"left\">Le temps de garde de cette cuv\u00e9e se situe entre 4 et 6 ans dans de bonnes conditions.<\/p>\n<p align=\"left\">La temp\u00e9rature de service est id\u00e9ale entre 16 et 18\u00b0C.<\/p>\n","protected":false},"excerpt":{"rendered":"<p>Situ\u00e9 sur une parcelle orient\u00e9e est\/ouest au sol argilo-calcaire, ce vin est travaill\u00e9 en culture \u00e9cologique Terra Vitis. Issu d\u2019un assemblage de Pinot et de Gamay (10\/90%), ce Coteaux Bourguignons [&hellip;]<\/p>\n","protected":false},"featured_media":263,"comment_status":"closed","ping_status":"closed","template":"","meta":{"_et_pb_use_builder":"","_et_pb_old_content":"","_et_gb_content_width":""},"product_brand":[],"product_cat":[20,19],"product_tag":[],"class_list":{"0":"post-579","1":"product","2":"type-product","3":"status-publish","4":"has-post-thumbnail","6":"product_cat-vin","7":"product_cat-vin-rouge","9":"first","10":"instock","11":"taxable","12":"shipping-taxable","13":"product-type-grouped"},"yoast_head":"<!-- This site is optimized with the Yoast SEO plugin v23.8 - https:\/\/yoast.com\/wordpress\/plugins\/seo\/ -->\n<title>Coteaux Bourguignons - Domaine des Jos\u00e9phins<\/title>\n<meta name=\"robots\" content=\"index, follow, max-snippet:-1, max-image-preview:large, max-video-preview:-1\" \/>\n<link rel=\"canonical\" href=\"https:\/\/domainedesjosephins.com\/josephin\/index.php\/produit\/coteaux-bourguignons\/\" \/>\n<meta property=\"og:locale\" content=\"fr_FR\" \/>\n<meta property=\"og:type\" content=\"article\" \/>\n<meta property=\"og:title\" content=\"Coteaux Bourguignons - Domaine des Jos\u00e9phins\" \/>\n<meta property=\"og:description\" content=\"Situ\u00e9 sur une parcelle orient\u00e9e est\/ouest au sol argilo-calcaire, ce vin est travaill\u00e9 en culture \u00e9cologique Terra Vitis. Issu d\u2019un assemblage de Pinot et de Gamay (10\/90%), ce Coteaux Bourguignons [&hellip;]\" \/>\n<meta property=\"og:url\" content=\"https:\/\/domainedesjosephins.com\/josephin\/index.php\/produit\/coteaux-bourguignons\/\" \/>\n<meta property=\"og:site_name\" content=\"Domaine des Jos\u00e9phins\" \/>\n<meta property=\"article:publisher\" content=\"https:\/\/www.facebook.com\/profile.php?id=100054597872414\" \/>\n<meta property=\"article:modified_time\" content=\"2018-11-05T21:52:56+00:00\" \/>\n<meta property=\"og:image\" content=\"https:\/\/domainedesjosephins.com\/josephin\/wp-content\/uploads\/2018\/10\/Coteaux-Bourguignons-1400x3000.jpg\" \/>\n\t<meta property=\"og:image:width\" content=\"1400\" \/>\n\t<meta property=\"og:image:height\" content=\"3000\" \/>\n\t<meta property=\"og:image:type\" content=\"image\/jpeg\" \/>\n<meta name=\"twitter:card\" content=\"summary_large_image\" \/>\n<meta name=\"twitter:label1\" content=\"Dur\u00e9e de lecture estim\u00e9e\" \/>\n\t<meta name=\"twitter:data1\" content=\"1 minute\" \/>\n<script type=\"application\/ld+json\" class=\"yoast-schema-graph\">{\"@context\":\"https:\/\/schema.org\",\"@graph\":[{\"@type\":\"WebPage\",\"@id\":\"https:\/\/domainedesjosephins.com\/josephin\/index.php\/produit\/coteaux-bourguignons\/\",\"url\":\"https:\/\/domainedesjosephins.com\/josephin\/index.php\/produit\/coteaux-bourguignons\/\",\"name\":\"Coteaux Bourguignons - Domaine des Jos\u00e9phins\",\"isPartOf\":{\"@id\":\"https:\/\/domainedesjosephins.com\/josephin\/#website\"},\"primaryImageOfPage\":{\"@id\":\"https:\/\/domainedesjosephins.com\/josephin\/index.php\/produit\/coteaux-bourguignons\/#primaryimage\"},\"image\":{\"@id\":\"https:\/\/domainedesjosephins.com\/josephin\/index.php\/produit\/coteaux-bourguignons\/#primaryimage\"},\"thumbnailUrl\":\"https:\/\/domainedesjosephins.com\/josephin\/wp-content\/uploads\/2018\/10\/Coteaux-Bourguignons-1400x3000.jpg\",\"datePublished\":\"2018-10-28T21:44:27+00:00\",\"dateModified\":\"2018-11-05T21:52:56+00:00\",\"breadcrumb\":{\"@id\":\"https:\/\/domainedesjosephins.com\/josephin\/index.php\/produit\/coteaux-bourguignons\/#breadcrumb\"},\"inLanguage\":\"fr-FR\",\"potentialAction\":[{\"@type\":\"ReadAction\",\"target\":[\"https:\/\/domainedesjosephins.com\/josephin\/index.php\/produit\/coteaux-bourguignons\/\"]}]},{\"@type\":\"ImageObject\",\"inLanguage\":\"fr-FR\",\"@id\":\"https:\/\/domainedesjosephins.com\/josephin\/index.php\/produit\/coteaux-bourguignons\/#primaryimage\",\"url\":\"https:\/\/domainedesjosephins.com\/josephin\/wp-content\/uploads\/2018\/10\/Coteaux-Bourguignons-1400x3000.jpg\",\"contentUrl\":\"https:\/\/domainedesjosephins.com\/josephin\/wp-content\/uploads\/2018\/10\/Coteaux-Bourguignons-1400x3000.jpg\",\"width\":1400,\"height\":3000},{\"@type\":\"BreadcrumbList\",\"@id\":\"https:\/\/domainedesjosephins.com\/josephin\/index.php\/produit\/coteaux-bourguignons\/#breadcrumb\",\"itemListElement\":[{\"@type\":\"ListItem\",\"position\":1,\"name\":\"Accueil\",\"item\":\"https:\/\/domainedesjosephins.com\/josephin\/\"},{\"@type\":\"ListItem\",\"position\":2,\"name\":\"Boutique\",\"item\":\"https:\/\/domainedesjosephins.com\/josephin\/index.php\/boutique\/\"},{\"@type\":\"ListItem\",\"position\":3,\"name\":\"Coteaux Bourguignons\"}]},{\"@type\":\"WebSite\",\"@id\":\"https:\/\/domainedesjosephins.com\/josephin\/#website\",\"url\":\"https:\/\/domainedesjosephins.com\/josephin\/\",\"name\":\"Domaine des Jos\u00e9phins\",\"description\":\"&quot;Du Beaujolais, mais pas que...&quot;\",\"publisher\":{\"@id\":\"https:\/\/domainedesjosephins.com\/josephin\/#organization\"},\"potentialAction\":[{\"@type\":\"SearchAction\",\"target\":{\"@type\":\"EntryPoint\",\"urlTemplate\":\"https:\/\/domainedesjosephins.com\/josephin\/?s={search_term_string}\"},\"query-input\":{\"@type\":\"PropertyValueSpecification\",\"valueRequired\":true,\"valueName\":\"search_term_string\"}}],\"inLanguage\":\"fr-FR\"},{\"@type\":\"Organization\",\"@id\":\"https:\/\/domainedesjosephins.com\/josephin\/#organization\",\"name\":\"Domaine des Jos\u00e9phins\",\"url\":\"https:\/\/domainedesjosephins.com\/josephin\/\",\"logo\":{\"@type\":\"ImageObject\",\"inLanguage\":\"fr-FR\",\"@id\":\"https:\/\/domainedesjosephins.com\/josephin\/#\/schema\/logo\/image\/\",\"url\":\"https:\/\/domainedesjosephins.com\/josephin\/wp-content\/uploads\/2018\/10\/cropped-en-tete-site-internet-1.jpg\",\"contentUrl\":\"https:\/\/domainedesjosephins.com\/josephin\/wp-content\/uploads\/2018\/10\/cropped-en-tete-site-internet-1.jpg\",\"width\":1300,\"height\":500,\"caption\":\"Domaine des Jos\u00e9phins\"},\"image\":{\"@id\":\"https:\/\/domainedesjosephins.com\/josephin\/#\/schema\/logo\/image\/\"},\"sameAs\":[\"https:\/\/www.facebook.com\/profile.php?id=100054597872414\"]}]}<\/script>\n<!-- \/ Yoast SEO plugin. -->","yoast_head_json":{"title":"Coteaux Bourguignons - Domaine des Jos\u00e9phins","robots":{"index":"index","follow":"follow","max-snippet":"max-snippet:-1","max-image-preview":"max-image-preview:large","max-video-preview":"max-video-preview:-1"},"canonical":"https:\/\/domainedesjosephins.com\/josephin\/index.php\/produit\/coteaux-bourguignons\/","og_locale":"fr_FR","og_type":"article","og_title":"Coteaux Bourguignons - Domaine des Jos\u00e9phins","og_description":"Situ\u00e9 sur une parcelle orient\u00e9e est\/ouest au sol argilo-calcaire, ce vin est travaill\u00e9 en culture \u00e9cologique Terra Vitis. Issu d\u2019un assemblage de Pinot et de Gamay (10\/90%), ce Coteaux Bourguignons [&hellip;]","og_url":"https:\/\/domainedesjosephins.com\/josephin\/index.php\/produit\/coteaux-bourguignons\/","og_site_name":"Domaine des Jos\u00e9phins","article_publisher":"https:\/\/www.facebook.com\/profile.php?id=100054597872414","article_modified_time":"2018-11-05T21:52:56+00:00","og_image":[{"width":1400,"height":3000,"url":"https:\/\/domainedesjosephins.com\/josephin\/wp-content\/uploads\/2018\/10\/Coteaux-Bourguignons-1400x3000.jpg","type":"image\/jpeg"}],"twitter_card":"summary_large_image","twitter_misc":{"Dur\u00e9e de lecture estim\u00e9e":"1 minute"},"schema":{"@context":"https:\/\/schema.org","@graph":[{"@type":"WebPage","@id":"https:\/\/domainedesjosephins.com\/josephin\/index.php\/produit\/coteaux-bourguignons\/","url":"https:\/\/domainedesjosephins.com\/josephin\/index.php\/produit\/coteaux-bourguignons\/","name":"Coteaux Bourguignons - Domaine des Jos\u00e9phins","isPartOf":{"@id":"https:\/\/domainedesjosephins.com\/josephin\/#website"},"primaryImageOfPage":{"@id":"https:\/\/domainedesjosephins.com\/josephin\/index.php\/produit\/coteaux-bourguignons\/#primaryimage"},"image":{"@id":"https:\/\/domainedesjosephins.com\/josephin\/index.php\/produit\/coteaux-bourguignons\/#primaryimage"},"thumbnailUrl":"https:\/\/domainedesjosephins.com\/josephin\/wp-content\/uploads\/2018\/10\/Coteaux-Bourguignons-1400x3000.jpg","datePublished":"2018-10-28T21:44:27+00:00","dateModified":"2018-11-05T21:52:56+00:00","breadcrumb":{"@id":"https:\/\/domainedesjosephins.com\/josephin\/index.php\/produit\/coteaux-bourguignons\/#breadcrumb"},"inLanguage":"fr-FR","potentialAction":[{"@type":"ReadAction","target":["https:\/\/domainedesjosephins.com\/josephin\/index.php\/produit\/coteaux-bourguignons\/"]}]},{"@type":"ImageObject","inLanguage":"fr-FR","@id":"https:\/\/domainedesjosephins.com\/josephin\/index.php\/produit\/coteaux-bourguignons\/#primaryimage","url":"https:\/\/domainedesjosephins.com\/josephin\/wp-content\/uploads\/2018\/10\/Coteaux-Bourguignons-1400x3000.jpg","contentUrl":"https:\/\/domainedesjosephins.com\/josephin\/wp-content\/uploads\/2018\/10\/Coteaux-Bourguignons-1400x3000.jpg","width":1400,"height":3000},{"@type":"BreadcrumbList","@id":"https:\/\/domainedesjosephins.com\/josephin\/index.php\/produit\/coteaux-bourguignons\/#breadcrumb","itemListElement":[{"@type":"ListItem","position":1,"name":"Accueil","item":"https:\/\/domainedesjosephins.com\/josephin\/"},{"@type":"ListItem","position":2,"name":"Boutique","item":"https:\/\/domainedesjosephins.com\/josephin\/index.php\/boutique\/"},{"@type":"ListItem","position":3,"name":"Coteaux Bourguignons"}]},{"@type":"WebSite","@id":"https:\/\/domainedesjosephins.com\/josephin\/#website","url":"https:\/\/domainedesjosephins.com\/josephin\/","name":"Domaine des Jos\u00e9phins","description":"&quot;Du Beaujolais, mais pas que...&quot;","publisher":{"@id":"https:\/\/domainedesjosephins.com\/josephin\/#organization"},"potentialAction":[{"@type":"SearchAction","target":{"@type":"EntryPoint","urlTemplate":"https:\/\/domainedesjosephins.com\/josephin\/?s={search_term_string}"},"query-input":{"@type":"PropertyValueSpecification","valueRequired":true,"valueName":"search_term_string"}}],"inLanguage":"fr-FR"},{"@type":"Organization","@id":"https:\/\/domainedesjosephins.com\/josephin\/#organization","name":"Domaine des Jos\u00e9phins","url":"https:\/\/domainedesjosephins.com\/josephin\/","logo":{"@type":"ImageObject","inLanguage":"fr-FR","@id":"https:\/\/domainedesjosephins.com\/josephin\/#\/schema\/logo\/image\/","url":"https:\/\/domainedesjosephins.com\/josephin\/wp-content\/uploads\/2018\/10\/cropped-en-tete-site-internet-1.jpg","contentUrl":"https:\/\/domainedesjosephins.com\/josephin\/wp-content\/uploads\/2018\/10\/cropped-en-tete-site-internet-1.jpg","width":1300,"height":500,"caption":"Domaine des Jos\u00e9phins"},"image":{"@id":"https:\/\/domainedesjosephins.com\/josephin\/#\/schema\/logo\/image\/"},"sameAs":["https:\/\/www.facebook.com\/profile.php?id=100054597872414"]}]}},"jetpack_sharing_enabled":true,"_links":{"self":[{"href":"https:\/\/domainedesjosephins.com\/josephin\/index.php\/wp-json\/wp\/v2\/product\/579","targetHints":{"allow":["GET"]}}],"collection":[{"href":"https:\/\/domainedesjosephins.com\/josephin\/index.php\/wp-json\/wp\/v2\/product"}],"about":[{"href":"https:\/\/domainedesjosephins.com\/josephin\/index.php\/wp-json\/wp\/v2\/types\/product"}],"replies":[{"embeddable":true,"href":"https:\/\/domainedesjosephins.com\/josephin\/index.php\/wp-json\/wp\/v2\/comments?post=579"}],"wp:featuredmedia":[{"embeddable":true,"href":"https:\/\/domainedesjosephins.com\/josephin\/index.php\/wp-json\/wp\/v2\/media\/263"}],"wp:attachment":[{"href":"https:\/\/domainedesjosephins.com\/josephin\/index.php\/wp-json\/wp\/v2\/media?parent=579"}],"wp:term":[{"taxonomy":"product_brand","embeddable":true,"href":"https:\/\/domainedesjosephins.com\/josephin\/index.php\/wp-json\/wp\/v2\/product_brand?post=579"},{"taxonomy":"product_cat","embeddable":true,"href":"https:\/\/domainedesjosephins.com\/josephin\/index.php\/wp-json\/wp\/v2\/product_cat?post=579"},{"taxonomy":"product_tag","embeddable":true,"href":"https:\/\/domainedesjosephins.com\/josephin\/index.php\/wp-json\/wp\/v2\/product_tag?post=579"}],"curies":[{"name":"wp","href":"https:\/\/api.w.org\/{rel}","templated":true}]}}